{"id":891,"date":"2025-10-31T14:15:36","date_gmt":"2025-10-31T14:15:36","guid":{"rendered":"https:\/\/life-cube-cryo.com\/crio-ems\/"},"modified":"2026-03-13T21:02:51","modified_gmt":"2026-03-13T21:02:51","slug":"crio-ems","status":"publish","type":"page","link":"https:\/\/life-cube-cryo.com\/es\/crio-ems\/","title":{"rendered":"Crio EMS"},"content":{"rendered":"\t\t<div data-elementor-type=\"wp-page\" data-elementor-id=\"891\" class=\"elementor elementor-891 elementor-361\" data-elementor-post-type=\"page\">\n\t\t\t\t<div class=\"elementor-element elementor-element-143842c e-flex e-con-boxed e-con e-parent\" data-id=\"143842c\" data-element_type=\"container\" data-e-type=\"container\" data-settings=\"{&quot;background_background&quot;:&quot;classic&quot;}\">\n\t\t\t\t\t<div class=\"e-con-inner\">\n\t\t\t\t<div class=\"elementor-element elementor-element-c586f7a elementor-widget__width-initial elementor-widget elementor-widget-heading\" data-id=\"c586f7a\" data-element_type=\"widget\" data-e-type=\"widget\" data-widget_type=\"heading.default\">\n\t\t\t\t\t<h1 class=\"elementor-heading-title elementor-size-default\">CryoEMS: criolip\u00f3lisis, EMS y LED. Un solo dispositivo.   <\/h1>\t\t\t\t<\/div>\n\t\t\t\t<div class=\"elementor-element elementor-element-806c804 elementor-widget__width-initial elementor-widget elementor-widget-text-editor\" data-id=\"806c804\" data-element_type=\"widget\" data-e-type=\"widget\" data-widget_type=\"text-editor.default\">\n\t\t\t\t\t\t\t\t\t<p>Tres tecnolog\u00edas en un solo sistema para una m\u00e1xima variedad de tratamientos con una sola inversi\u00f3n.<\/p>\t\t\t\t\t\t\t\t<\/div>\n\t\t\t\t<div class=\"elementor-element elementor-element-ad61621 elementor-mobile-align-justify elementor-widget elementor-widget-button\" data-id=\"ad61621\" data-element_type=\"widget\" data-e-type=\"widget\" data-widget_type=\"button.default\">\n\t\t\t\t\t\t\t\t\t\t<a class=\"elementor-button elementor-button-link elementor-size-sm\" href=\"https:\/\/life-cube-cryo.com\/es\/contacto\/\">\n\t\t\t\t\t\t<span class=\"elementor-button-content-wrapper\">\n\t\t\t\t\t\t\t\t\t<span class=\"elementor-button-text\">Solicitar presupuesto<\/span>\n\t\t\t\t\t<\/span>\n\t\t\t\t\t<\/a>\n\t\t\t\t\t\t\t\t<\/div>\n\t\t\t\t\t<\/div>\n\t\t\t\t<\/div>\n\t\t<div class=\"elementor-element elementor-element-5826dec e-flex e-con-boxed e-con e-parent\" data-id=\"5826dec\" data-element_type=\"container\" data-e-type=\"container\" data-settings=\"{&quot;background_background&quot;:&quot;gradient&quot;}\">\n\t\t\t\t\t<div class=\"e-con-inner\">\n\t\t\t\t<div class=\"elementor-element elementor-element-a4c3c49 elementor-widget-divider--view-line elementor-widget elementor-widget-divider\" data-id=\"a4c3c49\" data-element_type=\"widget\" data-e-type=\"widget\" data-widget_type=\"divider.default\">\n\t\t\t\t\t\t\t<div class=\"elementor-divider\">\n\t\t\t<span class=\"elementor-divider-separator\">\n\t\t\t\t\t\t<\/span>\n\t\t<\/div>\n\t\t\t\t\t\t<\/div>\n\t\t\t\t<div class=\"elementor-element elementor-element-ea3f63b elementor-widget__width-inherit heading-dot elementor-widget elementor-widget-heading\" data-id=\"ea3f63b\" data-element_type=\"widget\" data-e-type=\"widget\" data-widget_type=\"heading.default\">\n\t\t\t\t\t<h2 class=\"elementor-heading-title elementor-size-default\">Tecnolog\u00eda 3 en 1 para consultas, cl\u00ednicas e institutos.<\/h2>\t\t\t\t<\/div>\n\t\t\t\t<div class=\"elementor-element elementor-element-d13c10a elementor-widget__width-inherit elementor-widget elementor-widget-heading\" data-id=\"d13c10a\" data-element_type=\"widget\" data-e-type=\"widget\" data-widget_type=\"heading.default\">\n\t\t\t\t\t<h2 class=\"elementor-heading-title elementor-size-default\">El futuro de la remodelaci\u00f3n corporal con CryoEMS<\/h2>\t\t\t\t<\/div>\n\t\t\t\t<div class=\"elementor-element elementor-element-afd0d8a elementor-widget__width-initial elementor-widget-tablet__width-inherit elementor-position-top elementor-widget elementor-widget-image-box\" data-id=\"afd0d8a\" data-element_type=\"widget\" data-e-type=\"widget\" data-widget_type=\"image-box.default\">\n\t\t\t\t\t<div class=\"elementor-image-box-wrapper\"><figure class=\"elementor-image-box-img\"><img fetchpriority=\"high\" decoding=\"async\" width=\"1200\" height=\"1600\" src=\"https:\/\/life-cube-cryo.com\/wp-content\/uploads\/2026\/03\/CRYO-Anwendung.jpg\" class=\"attachment-full size-full wp-image-2412\" alt=\"\" srcset=\"https:\/\/life-cube-cryo.com\/wp-content\/uploads\/2026\/03\/CRYO-Anwendung.jpg 1200w, https:\/\/life-cube-cryo.com\/wp-content\/uploads\/2026\/03\/CRYO-Anwendung-225x300.jpg 225w, https:\/\/life-cube-cryo.com\/wp-content\/uploads\/2026\/03\/CRYO-Anwendung-768x1024.jpg 768w, https:\/\/life-cube-cryo.com\/wp-content\/uploads\/2026\/03\/CRYO-Anwendung-1152x1536.jpg 1152w\" sizes=\"(max-width: 1200px) 100vw, 1200px\" \/><\/figure><div class=\"elementor-image-box-content\"><h3 class=\"elementor-image-box-title\">Criolip\u00f3lisis<\/h3><p class=\"elementor-image-box-description\">El fr\u00edo controlado reduce los dep\u00f3sitos de grasa localizada de forma selectiva y duradera.<\/p><\/div><\/div>\t\t\t\t<\/div>\n\t\t\t\t<div class=\"elementor-element elementor-element-358cddd elementor-widget__width-initial elementor-widget-tablet__width-inherit elementor-position-top elementor-widget elementor-widget-image-box\" data-id=\"358cddd\" data-element_type=\"widget\" data-e-type=\"widget\" data-widget_type=\"image-box.default\">\n\t\t\t\t\t<div class=\"elementor-image-box-wrapper\"><figure class=\"elementor-image-box-img\"><img decoding=\"async\" width=\"1440\" height=\"1920\" src=\"https:\/\/life-cube-cryo.com\/wp-content\/uploads\/2026\/03\/EMS-Cryo.jpg\" class=\"attachment-full size-full wp-image-2411\" alt=\"\" srcset=\"https:\/\/life-cube-cryo.com\/wp-content\/uploads\/2026\/03\/EMS-Cryo.jpg 1440w, https:\/\/life-cube-cryo.com\/wp-content\/uploads\/2026\/03\/EMS-Cryo-225x300.jpg 225w, https:\/\/life-cube-cryo.com\/wp-content\/uploads\/2026\/03\/EMS-Cryo-768x1024.jpg 768w, https:\/\/life-cube-cryo.com\/wp-content\/uploads\/2026\/03\/EMS-Cryo-1152x1536.jpg 1152w\" sizes=\"(max-width: 1440px) 100vw, 1440px\" \/><\/figure><div class=\"elementor-image-box-content\"><h3 class=\"elementor-image-box-title\">Electroestimulaci\u00f3n muscular (EMS)<\/h3><p class=\"elementor-image-box-description\">Activar la musculatura, reafirmar el tejido y definir el contorno.<\/p><\/div><\/div>\t\t\t\t<\/div>\n\t\t\t\t<div class=\"elementor-element elementor-element-4e44564 elementor-widget__width-initial elementor-widget-tablet__width-inherit elementor-position-top elementor-widget elementor-widget-image-box\" data-id=\"4e44564\" data-element_type=\"widget\" data-e-type=\"widget\" data-widget_type=\"image-box.default\">\n\t\t\t\t\t<div class=\"elementor-image-box-wrapper\"><figure class=\"elementor-image-box-img\"><img decoding=\"async\" width=\"1344\" height=\"1792\" src=\"https:\/\/life-cube-cryo.com\/wp-content\/uploads\/2026\/03\/EMS.jpg\" class=\"attachment-full size-full wp-image-2410\" alt=\"\" srcset=\"https:\/\/life-cube-cryo.com\/wp-content\/uploads\/2026\/03\/EMS.jpg 1344w, https:\/\/life-cube-cryo.com\/wp-content\/uploads\/2026\/03\/EMS-225x300.jpg 225w, https:\/\/life-cube-cryo.com\/wp-content\/uploads\/2026\/03\/EMS-768x1024.jpg 768w, https:\/\/life-cube-cryo.com\/wp-content\/uploads\/2026\/03\/EMS-1152x1536.jpg 1152w\" sizes=\"(max-width: 1344px) 100vw, 1344px\" \/><\/figure><div class=\"elementor-image-box-content\"><h3 class=\"elementor-image-box-title\">Terapia LED<\/h3><p class=\"elementor-image-box-description\">Fomentar la renovaci\u00f3n cut\u00e1nea. Mejorar visiblemente el aspecto de la piel. <\/p><\/div><\/div>\t\t\t\t<\/div>\n\t\t\t\t\t<\/div>\n\t\t\t\t<\/div>\n\t\t<div class=\"elementor-element elementor-element-1befd2b e-con-full e-flex e-con e-parent\" data-id=\"1befd2b\" data-element_type=\"container\" data-e-type=\"container\">\n\t\t\t\t<div class=\"elementor-element elementor-element-7597955 elementor-widget elementor-widget-video\" data-id=\"7597955\" data-element_type=\"widget\" data-e-type=\"widget\" data-settings=\"{&quot;video_type&quot;:&quot;hosted&quot;,&quot;image_overlay&quot;:{&quot;url&quot;:&quot;https:\\\/\\\/life-cube-cryo.com\\\/wp-content\\\/uploads\\\/2025\\\/10\\\/CryoEMS-device.jpg&quot;,&quot;id&quot;:894,&quot;size&quot;:&quot;&quot;,&quot;alt&quot;:&quot;&quot;,&quot;source&quot;:&quot;library&quot;},&quot;show_image_overlay&quot;:&quot;yes&quot;,&quot;lightbox&quot;:&quot;yes&quot;,&quot;controls&quot;:&quot;yes&quot;}\" data-widget_type=\"video.default\">\n\t\t\t\t\t\t\t<div class=\"e-hosted-video elementor-wrapper elementor-open-lightbox\">\n\t\t\t\t\t\t\t<div class=\"elementor-custom-embed-image-overlay\" data-elementor-open-lightbox=\"yes\" data-elementor-lightbox=\"{&quot;type&quot;:&quot;video&quot;,&quot;videoType&quot;:&quot;hosted&quot;,&quot;url&quot;:&quot;https:\\\/\\\/life-cube-cryo.com\\\/wp-content\\\/uploads\\\/2025\\\/10\\\/Produktanimation-CryoEMS-360Grad_mit-Hueftpad.mp4&quot;,&quot;autoplay&quot;:&quot;&quot;,&quot;modalOptions&quot;:{&quot;id&quot;:&quot;elementor-lightbox-7597955&quot;,&quot;entranceAnimation&quot;:&quot;&quot;,&quot;entranceAnimation_tablet&quot;:&quot;&quot;,&quot;entranceAnimation_mobile&quot;:&quot;&quot;,&quot;videoAspectRatio&quot;:&quot;219&quot;},&quot;videoParams&quot;:{&quot;controls&quot;:&quot;&quot;,&quot;preload&quot;:&quot;metadata&quot;,&quot;controlsList&quot;:&quot;nodownload&quot;}}\" data-e-action-hash=\"#elementor-action%3Aaction%3Dlightbox%26settings%3DeyJ0eXBlIjoidmlkZW8iLCJ2aWRlb1R5cGUiOiJob3N0ZWQiLCJ1cmwiOiJodHRwczpcL1wvbGlmZS1jdWJlLWNyeW8uY29tXC93cC1jb250ZW50XC91cGxvYWRzXC8yMDI1XC8xMFwvUHJvZHVrdGFuaW1hdGlvbi1DcnlvRU1TLTM2MEdyYWRfbWl0LUh1ZWZ0cGFkLm1wNCIsImF1dG9wbGF5IjoiIiwibW9kYWxPcHRpb25zIjp7ImlkIjoiZWxlbWVudG9yLWxpZ2h0Ym94LTc1OTc5NTUiLCJlbnRyYW5jZUFuaW1hdGlvbiI6IiIsImVudHJhbmNlQW5pbWF0aW9uX3RhYmxldCI6IiIsImVudHJhbmNlQW5pbWF0aW9uX21vYmlsZSI6IiIsInZpZGVvQXNwZWN0UmF0aW8iOiIyMTkifSwidmlkZW9QYXJhbXMiOnsiY29udHJvbHMiOiIiLCJwcmVsb2FkIjoibWV0YWRhdGEiLCJjb250cm9sc0xpc3QiOiJub2Rvd25sb2FkIn19\">\n\t\t\t\t\t\t\t\t\t\t\t<img loading=\"lazy\" decoding=\"async\" width=\"1920\" height=\"1080\" src=\"https:\/\/life-cube-cryo.com\/wp-content\/uploads\/2025\/10\/CryoEMS-device.jpg\" class=\"attachment-full size-full wp-image-894\" alt=\"\" srcset=\"https:\/\/life-cube-cryo.com\/wp-content\/uploads\/2025\/10\/CryoEMS-device.jpg 1920w, https:\/\/life-cube-cryo.com\/wp-content\/uploads\/2025\/10\/CryoEMS-device-300x169.jpg 300w, https:\/\/life-cube-cryo.com\/wp-content\/uploads\/2025\/10\/CryoEMS-device-1024x576.jpg 1024w, https:\/\/life-cube-cryo.com\/wp-content\/uploads\/2025\/10\/CryoEMS-device-768x432.jpg 768w, https:\/\/life-cube-cryo.com\/wp-content\/uploads\/2025\/10\/CryoEMS-device-1536x864.jpg 1536w\" sizes=\"(max-width: 1920px) 100vw, 1920px\" \/>\t\t\t\t\t\t\t\t\t\t\t\t\t\t\t\t<div class=\"elementor-custom-embed-play\" role=\"button\" aria-label=\"Reproducir v\u00eddeo\" tabindex=\"0\">\n\t\t\t\t\t\t\t<svg aria-hidden=\"true\" class=\"e-font-icon-svg e-eicon-play\" viewBox=\"0 0 1000 1000\" xmlns=\"http:\/\/www.w3.org\/2000\/svg\"><path d=\"M838 162C746 71 633 25 500 25 371 25 258 71 163 162 71 254 25 367 25 500 25 633 71 746 163 837 254 929 367 979 500 979 633 979 746 933 838 837 929 746 975 633 975 500 975 367 929 254 838 162M808 192C892 279 933 379 933 500 933 621 892 725 808 808 725 892 621 938 500 938 379 938 279 896 196 808 113 725 67 621 67 500 67 379 108 279 196 192 279 108 383 62 500 62 621 62 721 108 808 192M438 392V642L642 517 438 392Z\"><\/path><\/svg>\t\t\t\t\t\t<\/div>\n\t\t\t\t\t\t\t\t\t<\/div>\n\t\t\t\t\t<\/div>\n\t\t\t\t\t\t<\/div>\n\t\t\t\t<\/div>\n\t\t<div class=\"elementor-element elementor-element-db5d132 e-flex e-con-boxed e-con e-parent\" data-id=\"db5d132\" data-element_type=\"container\" data-e-type=\"container\" data-settings=\"{&quot;background_background&quot;:&quot;gradient&quot;}\">\n\t\t\t\t\t<div class=\"e-con-inner\">\n\t\t\t\t<div class=\"elementor-element elementor-element-d7780ba elementor-widget-divider--view-line elementor-widget elementor-widget-divider\" data-id=\"d7780ba\" data-element_type=\"widget\" data-e-type=\"widget\" data-widget_type=\"divider.default\">\n\t\t\t\t\t\t\t<div class=\"elementor-divider\">\n\t\t\t<span class=\"elementor-divider-separator\">\n\t\t\t\t\t\t<\/span>\n\t\t<\/div>\n\t\t\t\t\t\t<\/div>\n\t\t\t\t<div class=\"elementor-element elementor-element-1a61002 elementor-widget__width-inherit heading-dot elementor-widget elementor-widget-heading\" data-id=\"1a61002\" data-element_type=\"widget\" data-e-type=\"widget\" data-widget_type=\"heading.default\">\n\t\t\t\t\t<h2 class=\"elementor-heading-title elementor-size-default\">Reducir grasa, reafirmar el tejido y mejorar la piel. Todo al mismo tiempo.   \n<\/h2>\t\t\t\t<\/div>\n\t\t<div class=\"elementor-element elementor-element-00284a7 e-con-full e-flex e-con e-child\" data-id=\"00284a7\" data-element_type=\"container\" data-e-type=\"container\">\n\t\t\t\t<div class=\"elementor-element elementor-element-d823541 elementor-widget elementor-widget-heading\" data-id=\"d823541\" data-element_type=\"widget\" data-e-type=\"widget\" data-widget_type=\"heading.default\">\n\t\t\t\t\t<h2 class=\"elementor-heading-title elementor-size-default\">Tres tecnolog\u00edas. Un solo man\u00edpulo. Simult\u00e1neamente. En cada una de las 8 placas, la criolip\u00f3lisis, la EMS y el LED funcionan en paralelo.   <\/h2>\t\t\t\t<\/div>\n\t\t\t\t<div class=\"elementor-element elementor-element-6220470 elementor-widget elementor-widget-text-editor\" data-id=\"6220470\" data-element_type=\"widget\" data-e-type=\"widget\" data-widget_type=\"text-editor.default\">\n\t\t\t\t\t\t\t\t\t<p class=\"font-claude-response-body break-words whitespace-normal leading-[1.7]\"> El fr\u00edo reduce las c\u00e9lulas adiposas mediante la muerte celular controlada. La electroestimulaci\u00f3n muscular (EMS) reafirma simult\u00e1neamente el tejido subyacente. La terapia LED integrada fomenta la renovaci\u00f3n cut\u00e1nea y mejora el aspecto de la piel.  <\/p><p class=\"font-claude-response-body break-words whitespace-normal leading-[1.7]\"><strong>Tres efectos en un solo tratamiento.<\/strong> Reducci\u00f3n de grasa, reafirmaci\u00f3n de tejidos y mejora de la piel: sin necesidad de varios dispositivos ni de m\u00faltiples sesiones.<\/p>\t\t\t\t\t\t\t\t<\/div>\n\t\t\t\t<div class=\"elementor-element elementor-element-0212371 elementor-mobile-align-justify elementor-widget elementor-widget-button\" data-id=\"0212371\" data-element_type=\"widget\" data-e-type=\"widget\" data-widget_type=\"button.default\">\n\t\t\t\t\t\t\t\t\t\t<a class=\"elementor-button elementor-button-link elementor-size-sm\" href=\"https:\/\/life-cube-cryo.com\/es\/contacto\/\">\n\t\t\t\t\t\t<span class=\"elementor-button-content-wrapper\">\n\t\t\t\t\t\t\t\t\t<span class=\"elementor-button-text\">Solicitar presupuesto<\/span>\n\t\t\t\t\t<\/span>\n\t\t\t\t\t<\/a>\n\t\t\t\t\t\t\t\t<\/div>\n\t\t\t\t<\/div>\n\t\t<div class=\"elementor-element elementor-element-8c52b42 e-con-full e-flex e-con e-child\" data-id=\"8c52b42\" data-element_type=\"container\" data-e-type=\"container\">\n\t\t\t\t<div class=\"elementor-element elementor-element-5c4dfa9 elementor-widget elementor-widget-image\" data-id=\"5c4dfa9\" data-element_type=\"widget\" data-e-type=\"widget\" data-widget_type=\"image.default\">\n\t\t\t\t\t\t\t\t\t\t\t\t\t\t\t<img loading=\"lazy\" decoding=\"async\" width=\"1792\" height=\"1792\" src=\"https:\/\/life-cube-cryo.com\/wp-content\/uploads\/2026\/03\/CryoEMS-Praxis.jpg\" class=\"attachment-full size-full wp-image-2414\" alt=\"\" srcset=\"https:\/\/life-cube-cryo.com\/wp-content\/uploads\/2026\/03\/CryoEMS-Praxis.jpg 1792w, https:\/\/life-cube-cryo.com\/wp-content\/uploads\/2026\/03\/CryoEMS-Praxis-300x300.jpg 300w, https:\/\/life-cube-cryo.com\/wp-content\/uploads\/2026\/03\/CryoEMS-Praxis-1024x1024.jpg 1024w, https:\/\/life-cube-cryo.com\/wp-content\/uploads\/2026\/03\/CryoEMS-Praxis-150x150.jpg 150w, https:\/\/life-cube-cryo.com\/wp-content\/uploads\/2026\/03\/CryoEMS-Praxis-768x768.jpg 768w, https:\/\/life-cube-cryo.com\/wp-content\/uploads\/2026\/03\/CryoEMS-Praxis-1536x1536.jpg 1536w\" sizes=\"(max-width: 1792px) 100vw, 1792px\" \/>\t\t\t\t\t\t\t\t\t\t\t\t\t\t\t<\/div>\n\t\t\t\t<\/div>\n\t\t\t\t<div class=\"elementor-element elementor-element-d9e7544 elementor-widget-divider--view-line elementor-widget elementor-widget-divider\" data-id=\"d9e7544\" data-element_type=\"widget\" data-e-type=\"widget\" data-widget_type=\"divider.default\">\n\t\t\t\t\t\t\t<div class=\"elementor-divider\">\n\t\t\t<span class=\"elementor-divider-separator\">\n\t\t\t\t\t\t<\/span>\n\t\t<\/div>\n\t\t\t\t\t\t<\/div>\n\t\t\t\t<div class=\"elementor-element elementor-element-3c47db8 elementor-widget__width-inherit heading-dot elementor-widget elementor-widget-heading\" data-id=\"3c47db8\" data-element_type=\"widget\" data-e-type=\"widget\" data-widget_type=\"heading.default\">\n\t\t\t\t\t<h2 class=\"elementor-heading-title elementor-size-default\">La figura ideal para hombres y mujeres<\/h2>\t\t\t\t<\/div>\n\t\t<div class=\"elementor-element elementor-element-96d057a e-con-full e-flex e-con e-child\" data-id=\"96d057a\" data-element_type=\"container\" data-e-type=\"container\">\n\t\t\t\t<div class=\"elementor-element elementor-element-687399a elementor-widget elementor-widget-image\" data-id=\"687399a\" data-element_type=\"widget\" data-e-type=\"widget\" data-widget_type=\"image.default\">\n\t\t\t\t\t\t\t\t\t\t\t\t\t\t\t<img loading=\"lazy\" decoding=\"async\" width=\"1920\" height=\"1920\" src=\"https:\/\/life-cube-cryo.com\/wp-content\/uploads\/2026\/03\/Kryolipolyse-Coolskin.jpg\" class=\"attachment-full size-full wp-image-2415\" alt=\"\" srcset=\"https:\/\/life-cube-cryo.com\/wp-content\/uploads\/2026\/03\/Kryolipolyse-Coolskin.jpg 1920w, https:\/\/life-cube-cryo.com\/wp-content\/uploads\/2026\/03\/Kryolipolyse-Coolskin-300x300.jpg 300w, https:\/\/life-cube-cryo.com\/wp-content\/uploads\/2026\/03\/Kryolipolyse-Coolskin-1024x1024.jpg 1024w, https:\/\/life-cube-cryo.com\/wp-content\/uploads\/2026\/03\/Kryolipolyse-Coolskin-150x150.jpg 150w, https:\/\/life-cube-cryo.com\/wp-content\/uploads\/2026\/03\/Kryolipolyse-Coolskin-768x768.jpg 768w, https:\/\/life-cube-cryo.com\/wp-content\/uploads\/2026\/03\/Kryolipolyse-Coolskin-1536x1536.jpg 1536w\" sizes=\"(max-width: 1920px) 100vw, 1920px\" \/>\t\t\t\t\t\t\t\t\t\t\t\t\t\t\t<\/div>\n\t\t\t\t<\/div>\n\t\t<div class=\"elementor-element elementor-element-83cb853 e-con-full e-flex e-con e-child\" data-id=\"83cb853\" data-element_type=\"container\" data-e-type=\"container\">\n\t\t\t\t<div class=\"elementor-element elementor-element-ad5422e elementor-widget elementor-widget-heading\" data-id=\"ad5422e\" data-element_type=\"widget\" data-e-type=\"widget\" data-widget_type=\"heading.default\">\n\t\t\t\t\t<h2 class=\"elementor-heading-title elementor-size-default\">C\u00f3modo. Indoloro. Sencillo.  <\/h2>\t\t\t\t<\/div>\n\t\t\t\t<div class=\"elementor-element elementor-element-f3220f6 elementor-widget elementor-widget-text-editor\" data-id=\"f3220f6\" data-element_type=\"widget\" data-e-type=\"widget\" data-widget_type=\"text-editor.default\">\n\t\t\t\t\t\t\t\t\t<p class=\"font-claude-response-body break-words whitespace-pre-wrap leading-[1.7]\">Reducci\u00f3n de grasa localizada, estimulaci\u00f3n muscular y renovaci\u00f3n cut\u00e1nea en todas las zonas relevantes. CryoEMS adapta cada tratamiento de forma individual seg\u00fan la regi\u00f3n corporal y el objetivo terap\u00e9utico. <\/p>\t\t\t\t\t\t\t\t<\/div>\n\t\t\t\t<div class=\"elementor-element elementor-element-59638c0 elementor-icon-list--layout-traditional elementor-list-item-link-full_width elementor-widget elementor-widget-icon-list\" data-id=\"59638c0\" data-element_type=\"widget\" data-e-type=\"widget\" data-widget_type=\"icon-list.default\">\n\t\t\t\t\t\t\t<ul class=\"elementor-icon-list-items\">\n\t\t\t\t\t\t\t<li class=\"elementor-icon-list-item\">\n\t\t\t\t\t\t\t\t\t\t\t<span class=\"elementor-icon-list-icon\">\n\t\t\t\t\t\t\t<svg aria-hidden=\"true\" class=\"e-font-icon-svg e-fas-check-circle\" viewBox=\"0 0 512 512\" xmlns=\"http:\/\/www.w3.org\/2000\/svg\"><path d=\"M504 256c0 136.967-111.033 248-248 248S8 392.967 8 256 119.033 8 256 8s248 111.033 248 248zM227.314 387.314l184-184c6.248-6.248 6.248-16.379 0-22.627l-22.627-22.627c-6.248-6.249-16.379-6.249-22.628 0L216 308.118l-70.059-70.059c-6.248-6.248-16.379-6.248-22.628 0l-22.627 22.627c-6.248 6.248-6.248 16.379 0 22.627l104 104c6.249 6.249 16.379 6.249 22.628.001z\"><\/path><\/svg>\t\t\t\t\t\t<\/span>\n\t\t\t\t\t\t\t\t\t\t<span class=\"elementor-icon-list-text\"><b>Abdomen y bajo vientre<\/b>: reducci\u00f3n de grasa y reafirmaci\u00f3n muscular simult\u00e1neas para una zona media definida.<\/span>\n\t\t\t\t\t\t\t\t\t<\/li>\n\t\t\t\t\t\t\t\t<li class=\"elementor-icon-list-item\">\n\t\t\t\t\t\t\t\t\t\t\t<span class=\"elementor-icon-list-icon\">\n\t\t\t\t\t\t\t<svg aria-hidden=\"true\" class=\"e-font-icon-svg e-fas-check-circle\" viewBox=\"0 0 512 512\" xmlns=\"http:\/\/www.w3.org\/2000\/svg\"><path d=\"M504 256c0 136.967-111.033 248-248 248S8 392.967 8 256 119.033 8 256 8s248 111.033 248 248zM227.314 387.314l184-184c6.248-6.248 6.248-16.379 0-22.627l-22.627-22.627c-6.248-6.249-16.379-6.249-22.628 0L216 308.118l-70.059-70.059c-6.248-6.248-16.379-6.248-22.628 0l-22.627 22.627c-6.248 6.248-6.248 16.379 0 22.627l104 104c6.249 6.249 16.379 6.249 22.628.001z\"><\/path><\/svg>\t\t\t\t\t\t<\/span>\n\t\t\t\t\t\t\t\t\t\t<span class=\"elementor-icon-list-text\"><b>Flancos y cintura<\/b>: reducci\u00f3n de los dep\u00f3sitos de grasa laterales localizados y reafirmaci\u00f3n visible del tejido.<\/span>\n\t\t\t\t\t\t\t\t\t<\/li>\n\t\t\t\t\t\t\t\t<li class=\"elementor-icon-list-item\">\n\t\t\t\t\t\t\t\t\t\t\t<span class=\"elementor-icon-list-icon\">\n\t\t\t\t\t\t\t<svg aria-hidden=\"true\" class=\"e-font-icon-svg e-fas-check-circle\" viewBox=\"0 0 512 512\" xmlns=\"http:\/\/www.w3.org\/2000\/svg\"><path d=\"M504 256c0 136.967-111.033 248-248 248S8 392.967 8 256 119.033 8 256 8s248 111.033 248 248zM227.314 387.314l184-184c6.248-6.248 6.248-16.379 0-22.627l-22.627-22.627c-6.248-6.249-16.379-6.249-22.628 0L216 308.118l-70.059-70.059c-6.248-6.248-16.379-6.248-22.628 0l-22.627 22.627c-6.248 6.248-6.248 16.379 0 22.627l104 104c6.249 6.249 16.379 6.249 22.628.001z\"><\/path><\/svg>\t\t\t\t\t\t<\/span>\n\t\t\t\t\t\t\t\t\t\t<span class=\"elementor-icon-list-text\"><b>Muslos<\/b>: contorneado de la cara interna y externa. Reducci\u00f3n de grasa y reafirmaci\u00f3n de la piel en una sola sesi\u00f3n. <\/span>\n\t\t\t\t\t\t\t\t\t<\/li>\n\t\t\t\t\t\t\t\t<li class=\"elementor-icon-list-item\">\n\t\t\t\t\t\t\t\t\t\t\t<span class=\"elementor-icon-list-icon\">\n\t\t\t\t\t\t\t<svg aria-hidden=\"true\" class=\"e-font-icon-svg e-fas-check-circle\" viewBox=\"0 0 512 512\" xmlns=\"http:\/\/www.w3.org\/2000\/svg\"><path d=\"M504 256c0 136.967-111.033 248-248 248S8 392.967 8 256 119.033 8 256 8s248 111.033 248 248zM227.314 387.314l184-184c6.248-6.248 6.248-16.379 0-22.627l-22.627-22.627c-6.248-6.249-16.379-6.249-22.628 0L216 308.118l-70.059-70.059c-6.248-6.248-16.379-6.248-22.628 0l-22.627 22.627c-6.248 6.248-6.248 16.379 0 22.627l104 104c6.249 6.249 16.379 6.249 22.628.001z\"><\/path><\/svg>\t\t\t\t\t\t<\/span>\n\t\t\t\t\t\t\t\t\t\t<span class=\"elementor-icon-list-text\"><b>Brazos<\/b>: reducci\u00f3n de volumen y activaci\u00f3n de la musculatura. Para un contorno m\u00e1s firme y definido.<\/span>\n\t\t\t\t\t\t\t\t\t<\/li>\n\t\t\t\t\t\t\t\t<li class=\"elementor-icon-list-item\">\n\t\t\t\t\t\t\t\t\t\t\t<span class=\"elementor-icon-list-icon\">\n\t\t\t\t\t\t\t<svg aria-hidden=\"true\" class=\"e-font-icon-svg e-fas-check-circle\" viewBox=\"0 0 512 512\" xmlns=\"http:\/\/www.w3.org\/2000\/svg\"><path d=\"M504 256c0 136.967-111.033 248-248 248S8 392.967 8 256 119.033 8 256 8s248 111.033 248 248zM227.314 387.314l184-184c6.248-6.248 6.248-16.379 0-22.627l-22.627-22.627c-6.248-6.249-16.379-6.249-22.628 0L216 308.118l-70.059-70.059c-6.248-6.248-16.379-6.248-22.628 0l-22.627 22.627c-6.248 6.248-6.248 16.379 0 22.627l104 104c6.249 6.249 16.379 6.249 22.628.001z\"><\/path><\/svg>\t\t\t\t\t\t<\/span>\n\t\t\t\t\t\t\t\t\t\t<span class=\"elementor-icon-list-text\"><b>Espalda<\/b>: tratamiento de los dep\u00f3sitos de grasa en la zona del sujetador y reafirmaci\u00f3n simult\u00e1nea del tejido.<\/span>\n\t\t\t\t\t\t\t\t\t<\/li>\n\t\t\t\t\t\t\t\t<li class=\"elementor-icon-list-item\">\n\t\t\t\t\t\t\t\t\t\t\t<span class=\"elementor-icon-list-icon\">\n\t\t\t\t\t\t\t<svg aria-hidden=\"true\" class=\"e-font-icon-svg e-fas-check-circle\" viewBox=\"0 0 512 512\" xmlns=\"http:\/\/www.w3.org\/2000\/svg\"><path d=\"M504 256c0 136.967-111.033 248-248 248S8 392.967 8 256 119.033 8 256 8s248 111.033 248 248zM227.314 387.314l184-184c6.248-6.248 6.248-16.379 0-22.627l-22.627-22.627c-6.248-6.249-16.379-6.249-22.628 0L216 308.118l-70.059-70.059c-6.248-6.248-16.379-6.248-22.628 0l-22.627 22.627c-6.248 6.248-6.248 16.379 0 22.627l104 104c6.249 6.249 16.379 6.249 22.628.001z\"><\/path><\/svg>\t\t\t\t\t\t<\/span>\n\t\t\t\t\t\t\t\t\t\t<span class=\"elementor-icon-list-text\"><b>Papada<\/b>: definici\u00f3n de la l\u00ednea de la mand\u00edbula y mejora del aspecto de la piel. LED y criolip\u00f3lisis para obtener resultados visibles.<\/span>\n\t\t\t\t\t\t\t\t\t<\/li>\n\t\t\t\t\t\t<\/ul>\n\t\t\t\t\t\t<\/div>\n\t\t\t\t<div class=\"elementor-element elementor-element-d8221d5 elementor-mobile-align-justify elementor-widget elementor-widget-button\" data-id=\"d8221d5\" data-element_type=\"widget\" data-e-type=\"widget\" data-widget_type=\"button.default\">\n\t\t\t\t\t\t\t\t\t\t<a class=\"elementor-button elementor-button-link elementor-size-sm\" href=\"https:\/\/life-cube-cryo.com\/es\/contacto\/\">\n\t\t\t\t\t\t<span class=\"elementor-button-content-wrapper\">\n\t\t\t\t\t\t\t\t\t<span class=\"elementor-button-text\">Solicitar presupuesto<\/span>\n\t\t\t\t\t<\/span>\n\t\t\t\t\t<\/a>\n\t\t\t\t\t\t\t\t<\/div>\n\t\t\t\t<\/div>\n\t\t\t\t\t<\/div>\n\t\t\t\t<\/div>\n\t\t\t\t<\/div>\n\t\t","protected":false},"excerpt":{"rendered":"<p>CryoEMS: criolip\u00f3lisis, EMS y LED. Un solo dispositivo. Tres tecnolog\u00edas en un solo sistema para una m\u00e1xima variedad de tratamientos con una sola inversi\u00f3n. Solicitar presupuesto Tecnolog\u00eda 3 en 1 para consultas, cl\u00ednicas e institutos. El futuro de la remodelaci\u00f3n corporal con CryoEMS Criolip\u00f3lisis El fr\u00edo controlado reduce los dep\u00f3sitos de grasa localizada de forma [&hellip;]<\/p>\n","protected":false},"author":1,"featured_media":0,"parent":0,"menu_order":0,"comment_status":"closed","ping_status":"closed","template":"","meta":{"content-type":"","footnotes":""},"class_list":["post-891","page","type-page","status-publish","hentry"],"_links":{"self":[{"href":"https:\/\/life-cube-cryo.com\/es\/wp-json\/wp\/v2\/pages\/891","targetHints":{"allow":["GET"]}}],"collection":[{"href":"https:\/\/life-cube-cryo.com\/es\/wp-json\/wp\/v2\/pages"}],"about":[{"href":"https:\/\/life-cube-cryo.com\/es\/wp-json\/wp\/v2\/types\/page"}],"author":[{"embeddable":true,"href":"https:\/\/life-cube-cryo.com\/es\/wp-json\/wp\/v2\/users\/1"}],"replies":[{"embeddable":true,"href":"https:\/\/life-cube-cryo.com\/es\/wp-json\/wp\/v2\/comments?post=891"}],"version-history":[{"count":2,"href":"https:\/\/life-cube-cryo.com\/es\/wp-json\/wp\/v2\/pages\/891\/revisions"}],"predecessor-version":[{"id":2416,"href":"https:\/\/life-cube-cryo.com\/es\/wp-json\/wp\/v2\/pages\/891\/revisions\/2416"}],"wp:attachment":[{"href":"https:\/\/life-cube-cryo.com\/es\/wp-json\/wp\/v2\/media?parent=891"}],"curies":[{"name":"wp","href":"https:\/\/api.w.org\/{rel}","templated":true}]}}