{"id":1035,"date":"2025-10-31T14:15:36","date_gmt":"2025-10-31T14:15:36","guid":{"rendered":"https:\/\/life-cube-cryo.com\/cryo-ems\/"},"modified":"2026-03-13T21:02:39","modified_gmt":"2026-03-13T21:02:39","slug":"cryo-ems","status":"publish","type":"page","link":"https:\/\/life-cube-cryo.com\/pt-pt\/cryo-ems\/","title":{"rendered":"Cryo EMS"},"content":{"rendered":"\t\t<div data-elementor-type=\"wp-page\" data-elementor-id=\"1035\" class=\"elementor elementor-1035 elementor-361\" data-elementor-post-type=\"page\">\n\t\t\t\t<div class=\"elementor-element elementor-element-143842c e-flex e-con-boxed e-con e-parent\" data-id=\"143842c\" data-element_type=\"container\" data-e-type=\"container\" data-settings=\"{&quot;background_background&quot;:&quot;classic&quot;}\">\n\t\t\t\t\t<div class=\"e-con-inner\">\n\t\t\t\t<div class=\"elementor-element elementor-element-c586f7a elementor-widget__width-initial elementor-widget elementor-widget-heading\" data-id=\"c586f7a\" data-element_type=\"widget\" data-e-type=\"widget\" data-widget_type=\"heading.default\">\n\t\t\t\t\t<h1 class=\"elementor-heading-title elementor-size-default\">CryoEMS \u2013 Criolip\u00f3lise. EMS. LED. Um dispositivo.   <\/h1>\t\t\t\t<\/div>\n\t\t\t\t<div class=\"elementor-element elementor-element-806c804 elementor-widget__width-initial elementor-widget elementor-widget-text-editor\" data-id=\"806c804\" data-element_type=\"widget\" data-e-type=\"widget\" data-widget_type=\"text-editor.default\">\n\t\t\t\t\t\t\t\t\t<p>Tr\u00eas tecnologias num \u00fanico sistema, para m\u00e1xima diversidade de tratamentos com apenas um investimento.<\/p>\t\t\t\t\t\t\t\t<\/div>\n\t\t\t\t<div class=\"elementor-element elementor-element-ad61621 elementor-mobile-align-justify elementor-widget elementor-widget-button\" data-id=\"ad61621\" data-element_type=\"widget\" data-e-type=\"widget\" data-widget_type=\"button.default\">\n\t\t\t\t\t\t\t\t\t\t<a class=\"elementor-button elementor-button-link elementor-size-sm\" href=\"https:\/\/life-cube-cryo.com\/pt-pt\/contacto\/\">\n\t\t\t\t\t\t<span class=\"elementor-button-content-wrapper\">\n\t\t\t\t\t\t\t\t\t<span class=\"elementor-button-text\">Obter proposta<\/span>\n\t\t\t\t\t<\/span>\n\t\t\t\t\t<\/a>\n\t\t\t\t\t\t\t\t<\/div>\n\t\t\t\t\t<\/div>\n\t\t\t\t<\/div>\n\t\t<div class=\"elementor-element elementor-element-5826dec e-flex e-con-boxed e-con e-parent\" data-id=\"5826dec\" data-element_type=\"container\" data-e-type=\"container\" data-settings=\"{&quot;background_background&quot;:&quot;gradient&quot;}\">\n\t\t\t\t\t<div class=\"e-con-inner\">\n\t\t\t\t<div class=\"elementor-element elementor-element-a4c3c49 elementor-widget-divider--view-line elementor-widget elementor-widget-divider\" data-id=\"a4c3c49\" data-element_type=\"widget\" data-e-type=\"widget\" data-widget_type=\"divider.default\">\n\t\t\t\t\t\t\t<div class=\"elementor-divider\">\n\t\t\t<span class=\"elementor-divider-separator\">\n\t\t\t\t\t\t<\/span>\n\t\t<\/div>\n\t\t\t\t\t\t<\/div>\n\t\t\t\t<div class=\"elementor-element elementor-element-ea3f63b elementor-widget__width-inherit heading-dot elementor-widget elementor-widget-heading\" data-id=\"ea3f63b\" data-element_type=\"widget\" data-e-type=\"widget\" data-widget_type=\"heading.default\">\n\t\t\t\t\t<h2 class=\"elementor-heading-title elementor-size-default\">Tecnologia 3 em 1 para consult\u00f3rios, cl\u00ednicas e institutos.<\/h2>\t\t\t\t<\/div>\n\t\t\t\t<div class=\"elementor-element elementor-element-d13c10a elementor-widget__width-inherit elementor-widget elementor-widget-heading\" data-id=\"d13c10a\" data-element_type=\"widget\" data-e-type=\"widget\" data-widget_type=\"heading.default\">\n\t\t\t\t\t<h2 class=\"elementor-heading-title elementor-size-default\">O futuro da modela\u00e7\u00e3o corporal com CryoEMS<\/h2>\t\t\t\t<\/div>\n\t\t\t\t<div class=\"elementor-element elementor-element-afd0d8a elementor-widget__width-initial elementor-widget-tablet__width-inherit elementor-position-top elementor-widget elementor-widget-image-box\" data-id=\"afd0d8a\" data-element_type=\"widget\" data-e-type=\"widget\" data-widget_type=\"image-box.default\">\n\t\t\t\t\t<div class=\"elementor-image-box-wrapper\"><figure class=\"elementor-image-box-img\"><img fetchpriority=\"high\" decoding=\"async\" width=\"1200\" height=\"1600\" src=\"https:\/\/life-cube-cryo.com\/wp-content\/uploads\/2026\/03\/CRYO-Anwendung.jpg\" class=\"attachment-full size-full wp-image-2396\" alt=\"\" srcset=\"https:\/\/life-cube-cryo.com\/wp-content\/uploads\/2026\/03\/CRYO-Anwendung.jpg 1200w, https:\/\/life-cube-cryo.com\/wp-content\/uploads\/2026\/03\/CRYO-Anwendung-225x300.jpg 225w, https:\/\/life-cube-cryo.com\/wp-content\/uploads\/2026\/03\/CRYO-Anwendung-768x1024.jpg 768w, https:\/\/life-cube-cryo.com\/wp-content\/uploads\/2026\/03\/CRYO-Anwendung-1152x1536.jpg 1152w\" sizes=\"(max-width: 1200px) 100vw, 1200px\" \/><\/figure><div class=\"elementor-image-box-content\"><h3 class=\"elementor-image-box-title\">Criolip\u00f3lise<\/h3><p class=\"elementor-image-box-description\">O frio controlado reduz dep\u00f3sitos de gordura persistentes \u2013 de forma direcionada e duradoura.<\/p><\/div><\/div>\t\t\t\t<\/div>\n\t\t\t\t<div class=\"elementor-element elementor-element-358cddd elementor-widget__width-initial elementor-widget-tablet__width-inherit elementor-position-top elementor-widget elementor-widget-image-box\" data-id=\"358cddd\" data-element_type=\"widget\" data-e-type=\"widget\" data-widget_type=\"image-box.default\">\n\t\t\t\t\t<div class=\"elementor-image-box-wrapper\"><figure class=\"elementor-image-box-img\"><img decoding=\"async\" width=\"1440\" height=\"1920\" src=\"https:\/\/life-cube-cryo.com\/wp-content\/uploads\/2026\/03\/EMS-Cryo.jpg\" class=\"attachment-full size-full wp-image-2395\" alt=\"\" srcset=\"https:\/\/life-cube-cryo.com\/wp-content\/uploads\/2026\/03\/EMS-Cryo.jpg 1440w, https:\/\/life-cube-cryo.com\/wp-content\/uploads\/2026\/03\/EMS-Cryo-225x300.jpg 225w, https:\/\/life-cube-cryo.com\/wp-content\/uploads\/2026\/03\/EMS-Cryo-768x1024.jpg 768w, https:\/\/life-cube-cryo.com\/wp-content\/uploads\/2026\/03\/EMS-Cryo-1152x1536.jpg 1152w\" sizes=\"(max-width: 1440px) 100vw, 1440px\" \/><\/figure><div class=\"elementor-image-box-content\"><h3 class=\"elementor-image-box-title\">Estimula\u00e7\u00e3o muscular EMS<\/h3><p class=\"elementor-image-box-description\">Ativar a musculatura, tonificar os tecidos, definir contornos.<\/p><\/div><\/div>\t\t\t\t<\/div>\n\t\t\t\t<div class=\"elementor-element elementor-element-4e44564 elementor-widget__width-initial elementor-widget-tablet__width-inherit elementor-position-top elementor-widget elementor-widget-image-box\" data-id=\"4e44564\" data-element_type=\"widget\" data-e-type=\"widget\" data-widget_type=\"image-box.default\">\n\t\t\t\t\t<div class=\"elementor-image-box-wrapper\"><figure class=\"elementor-image-box-img\"><img decoding=\"async\" width=\"1344\" height=\"1792\" src=\"https:\/\/life-cube-cryo.com\/wp-content\/uploads\/2026\/03\/EMS.jpg\" class=\"attachment-full size-full wp-image-2394\" alt=\"\" srcset=\"https:\/\/life-cube-cryo.com\/wp-content\/uploads\/2026\/03\/EMS.jpg 1344w, https:\/\/life-cube-cryo.com\/wp-content\/uploads\/2026\/03\/EMS-225x300.jpg 225w, https:\/\/life-cube-cryo.com\/wp-content\/uploads\/2026\/03\/EMS-768x1024.jpg 768w, https:\/\/life-cube-cryo.com\/wp-content\/uploads\/2026\/03\/EMS-1152x1536.jpg 1152w\" sizes=\"(max-width: 1344px) 100vw, 1344px\" \/><\/figure><div class=\"elementor-image-box-content\"><h3 class=\"elementor-image-box-title\">Terapia LED<\/h3><p class=\"elementor-image-box-description\">Promover a renova\u00e7\u00e3o da pele. Melhorar visivelmente o aspeto cut\u00e2neo. <\/p><\/div><\/div>\t\t\t\t<\/div>\n\t\t\t\t\t<\/div>\n\t\t\t\t<\/div>\n\t\t<div class=\"elementor-element elementor-element-1befd2b e-con-full e-flex e-con e-parent\" data-id=\"1befd2b\" data-element_type=\"container\" data-e-type=\"container\">\n\t\t\t\t<div class=\"elementor-element elementor-element-7597955 elementor-widget elementor-widget-video\" data-id=\"7597955\" data-element_type=\"widget\" data-e-type=\"widget\" data-settings=\"{&quot;video_type&quot;:&quot;hosted&quot;,&quot;image_overlay&quot;:{&quot;url&quot;:&quot;https:\\\/\\\/life-cube-cryo.com\\\/wp-content\\\/uploads\\\/2025\\\/10\\\/CryoEMS-device.jpg&quot;,&quot;id&quot;:1037,&quot;size&quot;:&quot;&quot;,&quot;alt&quot;:&quot;&quot;,&quot;source&quot;:&quot;library&quot;},&quot;show_image_overlay&quot;:&quot;yes&quot;,&quot;lightbox&quot;:&quot;yes&quot;,&quot;controls&quot;:&quot;yes&quot;}\" data-widget_type=\"video.default\">\n\t\t\t\t\t\t\t<div class=\"e-hosted-video elementor-wrapper elementor-open-lightbox\">\n\t\t\t\t\t\t\t<div class=\"elementor-custom-embed-image-overlay\" data-elementor-open-lightbox=\"yes\" data-elementor-lightbox=\"{&quot;type&quot;:&quot;video&quot;,&quot;videoType&quot;:&quot;hosted&quot;,&quot;url&quot;:&quot;https:\\\/\\\/life-cube-cryo.com\\\/wp-content\\\/uploads\\\/2025\\\/10\\\/Produktanimation-CryoEMS-360Grad_mit-Hueftpad.mp4&quot;,&quot;autoplay&quot;:&quot;&quot;,&quot;modalOptions&quot;:{&quot;id&quot;:&quot;elementor-lightbox-7597955&quot;,&quot;entranceAnimation&quot;:&quot;&quot;,&quot;entranceAnimation_tablet&quot;:&quot;&quot;,&quot;entranceAnimation_mobile&quot;:&quot;&quot;,&quot;videoAspectRatio&quot;:&quot;219&quot;},&quot;videoParams&quot;:{&quot;controls&quot;:&quot;&quot;,&quot;preload&quot;:&quot;metadata&quot;,&quot;controlsList&quot;:&quot;nodownload&quot;}}\" data-e-action-hash=\"#elementor-action%3Aaction%3Dlightbox%26settings%3DeyJ0eXBlIjoidmlkZW8iLCJ2aWRlb1R5cGUiOiJob3N0ZWQiLCJ1cmwiOiJodHRwczpcL1wvbGlmZS1jdWJlLWNyeW8uY29tXC93cC1jb250ZW50XC91cGxvYWRzXC8yMDI1XC8xMFwvUHJvZHVrdGFuaW1hdGlvbi1DcnlvRU1TLTM2MEdyYWRfbWl0LUh1ZWZ0cGFkLm1wNCIsImF1dG9wbGF5IjoiIiwibW9kYWxPcHRpb25zIjp7ImlkIjoiZWxlbWVudG9yLWxpZ2h0Ym94LTc1OTc5NTUiLCJlbnRyYW5jZUFuaW1hdGlvbiI6IiIsImVudHJhbmNlQW5pbWF0aW9uX3RhYmxldCI6IiIsImVudHJhbmNlQW5pbWF0aW9uX21vYmlsZSI6IiIsInZpZGVvQXNwZWN0UmF0aW8iOiIyMTkifSwidmlkZW9QYXJhbXMiOnsiY29udHJvbHMiOiIiLCJwcmVsb2FkIjoibWV0YWRhdGEiLCJjb250cm9sc0xpc3QiOiJub2Rvd25sb2FkIn19\">\n\t\t\t\t\t\t\t\t\t\t\t<img loading=\"lazy\" decoding=\"async\" width=\"1920\" height=\"1080\" src=\"https:\/\/life-cube-cryo.com\/wp-content\/uploads\/2025\/10\/CryoEMS-device.jpg\" class=\"attachment-full size-full wp-image-1037\" alt=\"\" srcset=\"https:\/\/life-cube-cryo.com\/wp-content\/uploads\/2025\/10\/CryoEMS-device.jpg 1920w, https:\/\/life-cube-cryo.com\/wp-content\/uploads\/2025\/10\/CryoEMS-device-300x169.jpg 300w, https:\/\/life-cube-cryo.com\/wp-content\/uploads\/2025\/10\/CryoEMS-device-1024x576.jpg 1024w, https:\/\/life-cube-cryo.com\/wp-content\/uploads\/2025\/10\/CryoEMS-device-768x432.jpg 768w, https:\/\/life-cube-cryo.com\/wp-content\/uploads\/2025\/10\/CryoEMS-device-1536x864.jpg 1536w\" sizes=\"(max-width: 1920px) 100vw, 1920px\" \/>\t\t\t\t\t\t\t\t\t\t\t\t\t\t\t\t<div class=\"elementor-custom-embed-play\" role=\"button\" aria-label=\"Reproduzir v\u00eddeo\" tabindex=\"0\">\n\t\t\t\t\t\t\t<svg aria-hidden=\"true\" class=\"e-font-icon-svg e-eicon-play\" viewBox=\"0 0 1000 1000\" xmlns=\"http:\/\/www.w3.org\/2000\/svg\"><path d=\"M838 162C746 71 633 25 500 25 371 25 258 71 163 162 71 254 25 367 25 500 25 633 71 746 163 837 254 929 367 979 500 979 633 979 746 933 838 837 929 746 975 633 975 500 975 367 929 254 838 162M808 192C892 279 933 379 933 500 933 621 892 725 808 808 725 892 621 938 500 938 379 938 279 896 196 808 113 725 67 621 67 500 67 379 108 279 196 192 279 108 383 62 500 62 621 62 721 108 808 192M438 392V642L642 517 438 392Z\"><\/path><\/svg>\t\t\t\t\t\t<\/div>\n\t\t\t\t\t\t\t\t\t<\/div>\n\t\t\t\t\t<\/div>\n\t\t\t\t\t\t<\/div>\n\t\t\t\t<\/div>\n\t\t<div class=\"elementor-element elementor-element-db5d132 e-flex e-con-boxed e-con e-parent\" data-id=\"db5d132\" data-element_type=\"container\" data-e-type=\"container\" data-settings=\"{&quot;background_background&quot;:&quot;gradient&quot;}\">\n\t\t\t\t\t<div class=\"e-con-inner\">\n\t\t\t\t<div class=\"elementor-element elementor-element-d7780ba elementor-widget-divider--view-line elementor-widget elementor-widget-divider\" data-id=\"d7780ba\" data-element_type=\"widget\" data-e-type=\"widget\" data-widget_type=\"divider.default\">\n\t\t\t\t\t\t\t<div class=\"elementor-divider\">\n\t\t\t<span class=\"elementor-divider-separator\">\n\t\t\t\t\t\t<\/span>\n\t\t<\/div>\n\t\t\t\t\t\t<\/div>\n\t\t\t\t<div class=\"elementor-element elementor-element-1a61002 elementor-widget__width-inherit heading-dot elementor-widget elementor-widget-heading\" data-id=\"1a61002\" data-element_type=\"widget\" data-e-type=\"widget\" data-widget_type=\"heading.default\">\n\t\t\t\t\t<h2 class=\"elementor-heading-title elementor-size-default\">Reduzir gordura. Tonificar tecidos. Melhorar a pele. Simultaneamente.   \n<\/h2>\t\t\t\t<\/div>\n\t\t<div class=\"elementor-element elementor-element-00284a7 e-con-full e-flex e-con e-child\" data-id=\"00284a7\" data-element_type=\"container\" data-e-type=\"container\">\n\t\t\t\t<div class=\"elementor-element elementor-element-d823541 elementor-widget elementor-widget-heading\" data-id=\"d823541\" data-element_type=\"widget\" data-e-type=\"widget\" data-widget_type=\"heading.default\">\n\t\t\t\t\t<h2 class=\"elementor-heading-title elementor-size-default\">Tr\u00eas tecnologias. Uma aplica\u00e7\u00e3o. Simultaneamente. Em cada uma das 8 placas, a criolip\u00f3lise, o EMS e o LED funcionam em paralelo.   <\/h2>\t\t\t\t<\/div>\n\t\t\t\t<div class=\"elementor-element elementor-element-6220470 elementor-widget elementor-widget-text-editor\" data-id=\"6220470\" data-element_type=\"widget\" data-e-type=\"widget\" data-widget_type=\"text-editor.default\">\n\t\t\t\t\t\t\t\t\t<p class=\"font-claude-response-body break-words whitespace-normal leading-[1.7]\"> O frio reduz as c\u00e9lulas adiposas atrav\u00e9s de morte celular controlada. A estimula\u00e7\u00e3o muscular EMS tonifica simultaneamente o tecido subjacente. A terapia LED integrada promove a renova\u00e7\u00e3o da pele e melhora o aspeto cut\u00e2neo.  <\/p><p class=\"font-claude-response-body break-words whitespace-normal leading-[1.7]\"><strong>Tr\u00eas efeitos num \u00fanico tratamento.<\/strong> Redu\u00e7\u00e3o de gordura, tonifica\u00e7\u00e3o de tecidos e melhoria da pele \u2013 sem m\u00faltiplos dispositivos, sem m\u00faltiplas sess\u00f5es.<\/p>\t\t\t\t\t\t\t\t<\/div>\n\t\t\t\t<div class=\"elementor-element elementor-element-0212371 elementor-mobile-align-justify elementor-widget elementor-widget-button\" data-id=\"0212371\" data-element_type=\"widget\" data-e-type=\"widget\" data-widget_type=\"button.default\">\n\t\t\t\t\t\t\t\t\t\t<a class=\"elementor-button elementor-button-link elementor-size-sm\" href=\"https:\/\/life-cube-cryo.com\/pt-pt\/contacto\/\">\n\t\t\t\t\t\t<span class=\"elementor-button-content-wrapper\">\n\t\t\t\t\t\t\t\t\t<span class=\"elementor-button-text\">Obter proposta<\/span>\n\t\t\t\t\t<\/span>\n\t\t\t\t\t<\/a>\n\t\t\t\t\t\t\t\t<\/div>\n\t\t\t\t<\/div>\n\t\t<div class=\"elementor-element elementor-element-8c52b42 e-con-full e-flex e-con e-child\" data-id=\"8c52b42\" data-element_type=\"container\" data-e-type=\"container\">\n\t\t\t\t<div class=\"elementor-element elementor-element-5c4dfa9 elementor-widget elementor-widget-image\" data-id=\"5c4dfa9\" data-element_type=\"widget\" data-e-type=\"widget\" data-widget_type=\"image.default\">\n\t\t\t\t\t\t\t\t\t\t\t\t\t\t\t<img loading=\"lazy\" decoding=\"async\" width=\"1792\" height=\"1792\" src=\"https:\/\/life-cube-cryo.com\/wp-content\/uploads\/2026\/03\/CryoEMS-Praxis.jpg\" class=\"attachment-full size-full wp-image-2398\" alt=\"\" srcset=\"https:\/\/life-cube-cryo.com\/wp-content\/uploads\/2026\/03\/CryoEMS-Praxis.jpg 1792w, https:\/\/life-cube-cryo.com\/wp-content\/uploads\/2026\/03\/CryoEMS-Praxis-300x300.jpg 300w, https:\/\/life-cube-cryo.com\/wp-content\/uploads\/2026\/03\/CryoEMS-Praxis-1024x1024.jpg 1024w, https:\/\/life-cube-cryo.com\/wp-content\/uploads\/2026\/03\/CryoEMS-Praxis-150x150.jpg 150w, https:\/\/life-cube-cryo.com\/wp-content\/uploads\/2026\/03\/CryoEMS-Praxis-768x768.jpg 768w, https:\/\/life-cube-cryo.com\/wp-content\/uploads\/2026\/03\/CryoEMS-Praxis-1536x1536.jpg 1536w\" sizes=\"(max-width: 1792px) 100vw, 1792px\" \/>\t\t\t\t\t\t\t\t\t\t\t\t\t\t\t<\/div>\n\t\t\t\t<\/div>\n\t\t\t\t<div class=\"elementor-element elementor-element-d9e7544 elementor-widget-divider--view-line elementor-widget elementor-widget-divider\" data-id=\"d9e7544\" data-element_type=\"widget\" data-e-type=\"widget\" data-widget_type=\"divider.default\">\n\t\t\t\t\t\t\t<div class=\"elementor-divider\">\n\t\t\t<span class=\"elementor-divider-separator\">\n\t\t\t\t\t\t<\/span>\n\t\t<\/div>\n\t\t\t\t\t\t<\/div>\n\t\t\t\t<div class=\"elementor-element elementor-element-3c47db8 elementor-widget__width-inherit heading-dot elementor-widget elementor-widget-heading\" data-id=\"3c47db8\" data-element_type=\"widget\" data-e-type=\"widget\" data-widget_type=\"heading.default\">\n\t\t\t\t\t<h2 class=\"elementor-heading-title elementor-size-default\">Corpo de sonho para homem e mulher<\/h2>\t\t\t\t<\/div>\n\t\t<div class=\"elementor-element elementor-element-96d057a e-con-full e-flex e-con e-child\" data-id=\"96d057a\" data-element_type=\"container\" data-e-type=\"container\">\n\t\t\t\t<div class=\"elementor-element elementor-element-687399a elementor-widget elementor-widget-image\" data-id=\"687399a\" data-element_type=\"widget\" data-e-type=\"widget\" data-widget_type=\"image.default\">\n\t\t\t\t\t\t\t\t\t\t\t\t\t\t\t<img loading=\"lazy\" decoding=\"async\" width=\"1920\" height=\"1920\" src=\"https:\/\/life-cube-cryo.com\/wp-content\/uploads\/2026\/03\/Kryolipolyse-Coolskin.jpg\" class=\"attachment-full size-full wp-image-2399\" alt=\"\" srcset=\"https:\/\/life-cube-cryo.com\/wp-content\/uploads\/2026\/03\/Kryolipolyse-Coolskin.jpg 1920w, https:\/\/life-cube-cryo.com\/wp-content\/uploads\/2026\/03\/Kryolipolyse-Coolskin-300x300.jpg 300w, https:\/\/life-cube-cryo.com\/wp-content\/uploads\/2026\/03\/Kryolipolyse-Coolskin-1024x1024.jpg 1024w, https:\/\/life-cube-cryo.com\/wp-content\/uploads\/2026\/03\/Kryolipolyse-Coolskin-150x150.jpg 150w, https:\/\/life-cube-cryo.com\/wp-content\/uploads\/2026\/03\/Kryolipolyse-Coolskin-768x768.jpg 768w, https:\/\/life-cube-cryo.com\/wp-content\/uploads\/2026\/03\/Kryolipolyse-Coolskin-1536x1536.jpg 1536w\" sizes=\"(max-width: 1920px) 100vw, 1920px\" \/>\t\t\t\t\t\t\t\t\t\t\t\t\t\t\t<\/div>\n\t\t\t\t<\/div>\n\t\t<div class=\"elementor-element elementor-element-83cb853 e-con-full e-flex e-con e-child\" data-id=\"83cb853\" data-element_type=\"container\" data-e-type=\"container\">\n\t\t\t\t<div class=\"elementor-element elementor-element-ad5422e elementor-widget elementor-widget-heading\" data-id=\"ad5422e\" data-element_type=\"widget\" data-e-type=\"widget\" data-widget_type=\"heading.default\">\n\t\t\t\t\t<h2 class=\"elementor-heading-title elementor-size-default\">Confort\u00e1vel. Indolor. Descomplicado.  <\/h2>\t\t\t\t<\/div>\n\t\t\t\t<div class=\"elementor-element elementor-element-f3220f6 elementor-widget elementor-widget-text-editor\" data-id=\"f3220f6\" data-element_type=\"widget\" data-e-type=\"widget\" data-widget_type=\"text-editor.default\">\n\t\t\t\t\t\t\t\t\t<p class=\"font-claude-response-body break-words whitespace-pre-wrap leading-[1.7]\">Redu\u00e7\u00e3o direcionada de gordura, estimula\u00e7\u00e3o muscular e renova\u00e7\u00e3o da pele \u2013 em todas as zonas relevantes. O CryoEMS adapta cada tratamento individualmente \u00e0 regi\u00e3o corporal e ao objetivo terap\u00eautico. <\/p>\t\t\t\t\t\t\t\t<\/div>\n\t\t\t\t<div class=\"elementor-element elementor-element-59638c0 elementor-icon-list--layout-traditional elementor-list-item-link-full_width elementor-widget elementor-widget-icon-list\" data-id=\"59638c0\" data-element_type=\"widget\" data-e-type=\"widget\" data-widget_type=\"icon-list.default\">\n\t\t\t\t\t\t\t<ul class=\"elementor-icon-list-items\">\n\t\t\t\t\t\t\t<li class=\"elementor-icon-list-item\">\n\t\t\t\t\t\t\t\t\t\t\t<span class=\"elementor-icon-list-icon\">\n\t\t\t\t\t\t\t<svg aria-hidden=\"true\" class=\"e-font-icon-svg e-fas-check-circle\" viewBox=\"0 0 512 512\" xmlns=\"http:\/\/www.w3.org\/2000\/svg\"><path d=\"M504 256c0 136.967-111.033 248-248 248S8 392.967 8 256 119.033 8 256 8s248 111.033 248 248zM227.314 387.314l184-184c6.248-6.248 6.248-16.379 0-22.627l-22.627-22.627c-6.248-6.249-16.379-6.249-22.628 0L216 308.118l-70.059-70.059c-6.248-6.248-16.379-6.248-22.628 0l-22.627 22.627c-6.248 6.248-6.248 16.379 0 22.627l104 104c6.249 6.249 16.379 6.249 22.628.001z\"><\/path><\/svg>\t\t\t\t\t\t<\/span>\n\t\t\t\t\t\t\t\t\t\t<span class=\"elementor-icon-list-text\"><b>Abd\u00f3men e baixo-ventre<\/b> Redu\u00e7\u00e3o de gordura e tonifica\u00e7\u00e3o muscular simultaneamente \u2013 para uma zona central definida.<\/span>\n\t\t\t\t\t\t\t\t\t<\/li>\n\t\t\t\t\t\t\t\t<li class=\"elementor-icon-list-item\">\n\t\t\t\t\t\t\t\t\t\t\t<span class=\"elementor-icon-list-icon\">\n\t\t\t\t\t\t\t<svg aria-hidden=\"true\" class=\"e-font-icon-svg e-fas-check-circle\" viewBox=\"0 0 512 512\" xmlns=\"http:\/\/www.w3.org\/2000\/svg\"><path d=\"M504 256c0 136.967-111.033 248-248 248S8 392.967 8 256 119.033 8 256 8s248 111.033 248 248zM227.314 387.314l184-184c6.248-6.248 6.248-16.379 0-22.627l-22.627-22.627c-6.248-6.249-16.379-6.249-22.628 0L216 308.118l-70.059-70.059c-6.248-6.248-16.379-6.248-22.628 0l-22.627 22.627c-6.248 6.248-6.248 16.379 0 22.627l104 104c6.249 6.249 16.379 6.249 22.628.001z\"><\/path><\/svg>\t\t\t\t\t\t<\/span>\n\t\t\t\t\t\t\t\t\t\t<span class=\"elementor-icon-list-text\"><b>Flancos e cintura<\/b> Reduzir dep\u00f3sitos de gordura laterais persistentes e tonificar visivelmente os tecidos.<\/span>\n\t\t\t\t\t\t\t\t\t<\/li>\n\t\t\t\t\t\t\t\t<li class=\"elementor-icon-list-item\">\n\t\t\t\t\t\t\t\t\t\t\t<span class=\"elementor-icon-list-icon\">\n\t\t\t\t\t\t\t<svg aria-hidden=\"true\" class=\"e-font-icon-svg e-fas-check-circle\" viewBox=\"0 0 512 512\" xmlns=\"http:\/\/www.w3.org\/2000\/svg\"><path d=\"M504 256c0 136.967-111.033 248-248 248S8 392.967 8 256 119.033 8 256 8s248 111.033 248 248zM227.314 387.314l184-184c6.248-6.248 6.248-16.379 0-22.627l-22.627-22.627c-6.248-6.249-16.379-6.249-22.628 0L216 308.118l-70.059-70.059c-6.248-6.248-16.379-6.248-22.628 0l-22.627 22.627c-6.248 6.248-6.248 16.379 0 22.627l104 104c6.249 6.249 16.379 6.249 22.628.001z\"><\/path><\/svg>\t\t\t\t\t\t<\/span>\n\t\t\t\t\t\t\t\t\t\t<span class=\"elementor-icon-list-text\"><b>Coxas<\/b> Contornar a parte interna e externa. Reduzir gordura, tonificar a pele \u2013 numa \u00fanica sess\u00e3o. <\/span>\n\t\t\t\t\t\t\t\t\t<\/li>\n\t\t\t\t\t\t\t\t<li class=\"elementor-icon-list-item\">\n\t\t\t\t\t\t\t\t\t\t\t<span class=\"elementor-icon-list-icon\">\n\t\t\t\t\t\t\t<svg aria-hidden=\"true\" class=\"e-font-icon-svg e-fas-check-circle\" viewBox=\"0 0 512 512\" xmlns=\"http:\/\/www.w3.org\/2000\/svg\"><path d=\"M504 256c0 136.967-111.033 248-248 248S8 392.967 8 256 119.033 8 256 8s248 111.033 248 248zM227.314 387.314l184-184c6.248-6.248 6.248-16.379 0-22.627l-22.627-22.627c-6.248-6.249-16.379-6.249-22.628 0L216 308.118l-70.059-70.059c-6.248-6.248-16.379-6.248-22.628 0l-22.627 22.627c-6.248 6.248-6.248 16.379 0 22.627l104 104c6.249 6.249 16.379 6.249 22.628.001z\"><\/path><\/svg>\t\t\t\t\t\t<\/span>\n\t\t\t\t\t\t\t\t\t\t<span class=\"elementor-icon-list-text\"><b>Bra\u00e7os<\/b> Reduzir volume, ativar a musculatura. Para um contorno mais firme e definido. <\/span>\n\t\t\t\t\t\t\t\t\t<\/li>\n\t\t\t\t\t\t\t\t<li class=\"elementor-icon-list-item\">\n\t\t\t\t\t\t\t\t\t\t\t<span class=\"elementor-icon-list-icon\">\n\t\t\t\t\t\t\t<svg aria-hidden=\"true\" class=\"e-font-icon-svg e-fas-check-circle\" viewBox=\"0 0 512 512\" xmlns=\"http:\/\/www.w3.org\/2000\/svg\"><path d=\"M504 256c0 136.967-111.033 248-248 248S8 392.967 8 256 119.033 8 256 8s248 111.033 248 248zM227.314 387.314l184-184c6.248-6.248 6.248-16.379 0-22.627l-22.627-22.627c-6.248-6.249-16.379-6.249-22.628 0L216 308.118l-70.059-70.059c-6.248-6.248-16.379-6.248-22.628 0l-22.627 22.627c-6.248 6.248-6.248 16.379 0 22.627l104 104c6.249 6.249 16.379 6.249 22.628.001z\"><\/path><\/svg>\t\t\t\t\t\t<\/span>\n\t\t\t\t\t\t\t\t\t\t<span class=\"elementor-icon-list-text\"><b>Costas<\/b> Tratar dep\u00f3sitos de gordura na zona do soutien e simultaneamente firmar os tecidos.<\/span>\n\t\t\t\t\t\t\t\t\t<\/li>\n\t\t\t\t\t\t\t\t<li class=\"elementor-icon-list-item\">\n\t\t\t\t\t\t\t\t\t\t\t<span class=\"elementor-icon-list-icon\">\n\t\t\t\t\t\t\t<svg aria-hidden=\"true\" class=\"e-font-icon-svg e-fas-check-circle\" viewBox=\"0 0 512 512\" xmlns=\"http:\/\/www.w3.org\/2000\/svg\"><path d=\"M504 256c0 136.967-111.033 248-248 248S8 392.967 8 256 119.033 8 256 8s248 111.033 248 248zM227.314 387.314l184-184c6.248-6.248 6.248-16.379 0-22.627l-22.627-22.627c-6.248-6.249-16.379-6.249-22.628 0L216 308.118l-70.059-70.059c-6.248-6.248-16.379-6.248-22.628 0l-22.627 22.627c-6.248 6.248-6.248 16.379 0 22.627l104 104c6.249 6.249 16.379 6.249 22.628.001z\"><\/path><\/svg>\t\t\t\t\t\t<\/span>\n\t\t\t\t\t\t\t\t\t\t<span class=\"elementor-icon-list-text\"><b>Queixo duplo<\/b> Definir a linha do queixo, melhorar o aspeto da pele. LED e criolip\u00f3lise para resultados vis\u00edveis. <\/span>\n\t\t\t\t\t\t\t\t\t<\/li>\n\t\t\t\t\t\t<\/ul>\n\t\t\t\t\t\t<\/div>\n\t\t\t\t<div class=\"elementor-element elementor-element-d8221d5 elementor-mobile-align-justify elementor-widget elementor-widget-button\" data-id=\"d8221d5\" data-element_type=\"widget\" data-e-type=\"widget\" data-widget_type=\"button.default\">\n\t\t\t\t\t\t\t\t\t\t<a class=\"elementor-button elementor-button-link elementor-size-sm\" href=\"https:\/\/life-cube-cryo.com\/pt-pt\/contacto\/\">\n\t\t\t\t\t\t<span class=\"elementor-button-content-wrapper\">\n\t\t\t\t\t\t\t\t\t<span class=\"elementor-button-text\">Obter proposta<\/span>\n\t\t\t\t\t<\/span>\n\t\t\t\t\t<\/a>\n\t\t\t\t\t\t\t\t<\/div>\n\t\t\t\t<\/div>\n\t\t\t\t\t<\/div>\n\t\t\t\t<\/div>\n\t\t\t\t<\/div>\n\t\t","protected":false},"excerpt":{"rendered":"<p>CryoEMS \u2013 Criolip\u00f3lise. EMS. LED. Um dispositivo. Tr\u00eas tecnologias num \u00fanico sistema, para m\u00e1xima diversidade de tratamentos com apenas um investimento. Obter proposta Tecnologia 3 em 1 para consult\u00f3rios, cl\u00ednicas e institutos. O futuro da modela\u00e7\u00e3o corporal com CryoEMS Criolip\u00f3lise O frio controlado reduz dep\u00f3sitos de gordura persistentes \u2013 de forma direcionada e duradoura. Estimula\u00e7\u00e3o [&hellip;]<\/p>\n","protected":false},"author":1,"featured_media":0,"parent":0,"menu_order":0,"comment_status":"closed","ping_status":"closed","template":"","meta":{"content-type":"","footnotes":""},"class_list":["post-1035","page","type-page","status-publish","hentry"],"_links":{"self":[{"href":"https:\/\/life-cube-cryo.com\/pt-pt\/wp-json\/wp\/v2\/pages\/1035","targetHints":{"allow":["GET"]}}],"collection":[{"href":"https:\/\/life-cube-cryo.com\/pt-pt\/wp-json\/wp\/v2\/pages"}],"about":[{"href":"https:\/\/life-cube-cryo.com\/pt-pt\/wp-json\/wp\/v2\/types\/page"}],"author":[{"embeddable":true,"href":"https:\/\/life-cube-cryo.com\/pt-pt\/wp-json\/wp\/v2\/users\/1"}],"replies":[{"embeddable":true,"href":"https:\/\/life-cube-cryo.com\/pt-pt\/wp-json\/wp\/v2\/comments?post=1035"}],"version-history":[{"count":2,"href":"https:\/\/life-cube-cryo.com\/pt-pt\/wp-json\/wp\/v2\/pages\/1035\/revisions"}],"predecessor-version":[{"id":2400,"href":"https:\/\/life-cube-cryo.com\/pt-pt\/wp-json\/wp\/v2\/pages\/1035\/revisions\/2400"}],"wp:attachment":[{"href":"https:\/\/life-cube-cryo.com\/pt-pt\/wp-json\/wp\/v2\/media?parent=1035"}],"curies":[{"name":"wp","href":"https:\/\/api.w.org\/{rel}","templated":true}]}}