{"id":1089,"date":"2025-10-24T08:54:04","date_gmt":"2025-10-24T08:54:04","guid":{"rendered":"https:\/\/life-cube-cryo.com\/modelos\/"},"modified":"2026-03-13T21:00:45","modified_gmt":"2026-03-13T21:00:45","slug":"modelos","status":"publish","type":"page","link":"https:\/\/life-cube-cryo.com\/pt-pt\/modelos\/","title":{"rendered":"Modelos"},"content":{"rendered":"\t\t<div data-elementor-type=\"wp-page\" data-elementor-id=\"1089\" class=\"elementor elementor-1089 elementor-92\" data-elementor-post-type=\"page\">\n\t\t\t\t<div class=\"elementor-element elementor-element-e6caae0 e-flex e-con-boxed e-con e-parent\" data-id=\"e6caae0\" data-element_type=\"container\" data-e-type=\"container\" data-settings=\"{&quot;background_background&quot;:&quot;classic&quot;}\">\n\t\t\t\t\t<div class=\"e-con-inner\">\n\t\t\t\t<div class=\"elementor-element elementor-element-ded8cf1 elementor-widget__width-initial elementor-widget elementor-widget-heading\" data-id=\"ded8cf1\" data-element_type=\"widget\" data-e-type=\"widget\" data-widget_type=\"heading.default\">\n\t\t\t\t\t<h1 class=\"elementor-heading-title elementor-size-default\">Descubra a fam\u00edlia LifeCube<\/h1>\t\t\t\t<\/div>\n\t\t\t\t<div class=\"elementor-element elementor-element-4b8ebf0 elementor-widget__width-initial elementor-widget elementor-widget-text-editor\" data-id=\"4b8ebf0\" data-element_type=\"widget\" data-e-type=\"widget\" data-widget_type=\"text-editor.default\">\n\t\t\t\t\t\t\t\t\t<p>A sua c\u00e2mara de crioterapia pessoal e individualizada &#8211; Perfeitamente adaptada a si<\/p>\t\t\t\t\t\t\t\t<\/div>\n\t\t\t\t\t<\/div>\n\t\t\t\t<\/div>\n\t\t<div class=\"elementor-element elementor-element-b1905bc e-flex e-con-boxed e-con e-parent\" data-id=\"b1905bc\" data-element_type=\"container\" data-e-type=\"container\" data-settings=\"{&quot;background_background&quot;:&quot;gradient&quot;}\">\n\t\t\t\t\t<div class=\"e-con-inner\">\n\t\t<div class=\"elementor-element elementor-element-f301c2c e-con-full e-flex e-con e-child\" data-id=\"f301c2c\" data-element_type=\"container\" data-e-type=\"container\" data-settings=\"{&quot;background_background&quot;:&quot;gradient&quot;}\">\n\t\t\t\t<div class=\"elementor-element elementor-element-0ec80f6 elementor-widget__width-initial elementor-widget elementor-widget-heading\" data-id=\"0ec80f6\" data-element_type=\"widget\" data-e-type=\"widget\" data-widget_type=\"heading.default\">\n\t\t\t\t\t<h2 class=\"elementor-heading-title elementor-size-default\">LifeCube 1 <\/h2>\t\t\t\t<\/div>\n\t\t\t\t<div class=\"elementor-element elementor-element-5103ac9 elementor-widget__width-auto elementor-widget-tablet__width-initial bullet-dot elementor-widget elementor-widget-text-editor\" data-id=\"5103ac9\" data-element_type=\"widget\" data-e-type=\"widget\" data-widget_type=\"text-editor.default\">\n\t\t\t\t\t\t\t\t\t<p>dispon\u00edvel<\/p>\t\t\t\t\t\t\t\t<\/div>\n\t\t\t\t<div class=\"elementor-element elementor-element-f5d2976 elementor-widget__width-inherit elementor-widget elementor-widget-text-editor\" data-id=\"f5d2976\" data-element_type=\"widget\" data-e-type=\"widget\" data-widget_type=\"text-editor.default\">\n\t\t\t\t\t\t\t\t\t<p>At\u00e9 -80\u00b0C &#8211; A solu\u00e7\u00e3o perfeita para instala\u00e7\u00f5es de menor dimens\u00e3o<\/p>\t\t\t\t\t\t\t\t<\/div>\n\t\t\t\t<div class=\"elementor-element elementor-element-5b8e6fa elementor-widget__width-inherit elementor-widget elementor-widget-image\" data-id=\"5b8e6fa\" data-element_type=\"widget\" data-e-type=\"widget\" data-widget_type=\"image.default\">\n\t\t\t\t\t\t\t\t\t\t\t\t\t\t\t<img fetchpriority=\"high\" decoding=\"async\" width=\"695\" height=\"1190\" src=\"https:\/\/life-cube-cryo.com\/wp-content\/uploads\/2026\/03\/LifeCube1-Modell.png\" class=\"attachment-full size-full wp-image-2200\" alt=\"\" srcset=\"https:\/\/life-cube-cryo.com\/wp-content\/uploads\/2026\/03\/LifeCube1-Modell.png 695w, https:\/\/life-cube-cryo.com\/wp-content\/uploads\/2026\/03\/LifeCube1-Modell-175x300.png 175w, https:\/\/life-cube-cryo.com\/wp-content\/uploads\/2026\/03\/LifeCube1-Modell-598x1024.png 598w\" sizes=\"(max-width: 695px) 100vw, 695px\" \/>\t\t\t\t\t\t\t\t\t\t\t\t\t\t\t<\/div>\n\t\t\t\t<div class=\"elementor-element elementor-element-1ed5d19 elementor-widget__width-initial elementor-widget elementor-widget-image\" data-id=\"1ed5d19\" data-element_type=\"widget\" data-e-type=\"widget\" data-widget_type=\"image.default\">\n\t\t\t\t\t\t\t\t\t\t\t\t\t\t\t<img decoding=\"async\" width=\"318\" height=\"100\" src=\"https:\/\/life-cube-cryo.com\/wp-content\/uploads\/2026\/03\/Farben.svg\" class=\"attachment-full size-full wp-image-2201\" alt=\"\" \/>\t\t\t\t\t\t\t\t\t\t\t\t\t\t\t<\/div>\n\t\t\t\t<div class=\"elementor-element elementor-element-8d3aac0 elementor-widget__width-initial elementor-widget elementor-widget-text-editor\" data-id=\"8d3aac0\" data-element_type=\"widget\" data-e-type=\"widget\" data-widget_type=\"text-editor.default\">\n\t\t\t\t\t\t\t\t\t<p>outras cores dispon\u00edveis mediante pedido<\/p>\t\t\t\t\t\t\t\t<\/div>\n\t\t\t\t<\/div>\n\t\t<div class=\"elementor-element elementor-element-16d3b80 e-con-full e-flex e-con e-child\" data-id=\"16d3b80\" data-element_type=\"container\" data-e-type=\"container\" data-settings=\"{&quot;background_background&quot;:&quot;gradient&quot;}\">\n\t\t\t\t<div class=\"elementor-element elementor-element-f9572f9 elementor-widget__width-initial elementor-widget elementor-widget-heading\" data-id=\"f9572f9\" data-element_type=\"widget\" data-e-type=\"widget\" data-widget_type=\"heading.default\">\n\t\t\t\t\t<h2 class=\"elementor-heading-title elementor-size-default\">LifeCube 1+<\/h2>\t\t\t\t<\/div>\n\t\t\t\t<div class=\"elementor-element elementor-element-7143fad elementor-widget__width-auto elementor-widget-tablet__width-initial bullet-dot elementor-widget elementor-widget-text-editor\" data-id=\"7143fad\" data-element_type=\"widget\" data-e-type=\"widget\" data-widget_type=\"text-editor.default\">\n\t\t\t\t\t\t\t\t\t<p>dispon\u00edvel<\/p>\t\t\t\t\t\t\t\t<\/div>\n\t\t\t\t<div class=\"elementor-element elementor-element-2fa1956 elementor-widget__width-inherit elementor-widget elementor-widget-text-editor\" data-id=\"2fa1956\" data-element_type=\"widget\" data-e-type=\"widget\" data-widget_type=\"text-editor.default\">\n\t\t\t\t\t\t\t\t\t<p>Antec\u00e2mara at\u00e9 -30\u00b0 e c\u00e2mara principal at\u00e9 -80\u00b0C<\/p>\t\t\t\t\t\t\t\t<\/div>\n\t\t\t\t<div class=\"elementor-element elementor-element-3f0fb4f elementor-widget__width-inherit elementor-widget elementor-widget-image\" data-id=\"3f0fb4f\" data-element_type=\"widget\" data-e-type=\"widget\" data-widget_type=\"image.default\">\n\t\t\t\t\t\t\t\t\t\t\t\t\t\t\t<img decoding=\"async\" width=\"1406\" height=\"1409\" src=\"https:\/\/life-cube-cryo.com\/wp-content\/uploads\/2026\/03\/LifeCube-1-.png\" class=\"attachment-full size-full wp-image-2202\" alt=\"\" srcset=\"https:\/\/life-cube-cryo.com\/wp-content\/uploads\/2026\/03\/LifeCube-1-.png 1406w, https:\/\/life-cube-cryo.com\/wp-content\/uploads\/2026\/03\/LifeCube-1--300x300.png 300w, https:\/\/life-cube-cryo.com\/wp-content\/uploads\/2026\/03\/LifeCube-1--1022x1024.png 1022w, https:\/\/life-cube-cryo.com\/wp-content\/uploads\/2026\/03\/LifeCube-1--150x150.png 150w, https:\/\/life-cube-cryo.com\/wp-content\/uploads\/2026\/03\/LifeCube-1--768x770.png 768w\" sizes=\"(max-width: 1406px) 100vw, 1406px\" \/>\t\t\t\t\t\t\t\t\t\t\t\t\t\t\t<\/div>\n\t\t\t\t<div class=\"elementor-element elementor-element-6200965 elementor-widget__width-initial elementor-widget elementor-widget-image\" data-id=\"6200965\" data-element_type=\"widget\" data-e-type=\"widget\" data-widget_type=\"image.default\">\n\t\t\t\t\t\t\t\t\t\t\t\t\t\t\t<img decoding=\"async\" width=\"318\" height=\"100\" src=\"https:\/\/life-cube-cryo.com\/wp-content\/uploads\/2026\/03\/Farben.svg\" class=\"attachment-full size-full wp-image-2201\" alt=\"\" \/>\t\t\t\t\t\t\t\t\t\t\t\t\t\t\t<\/div>\n\t\t\t\t<div class=\"elementor-element elementor-element-0dd8109 elementor-widget__width-initial elementor-widget elementor-widget-text-editor\" data-id=\"0dd8109\" data-element_type=\"widget\" data-e-type=\"widget\" data-widget_type=\"text-editor.default\">\n\t\t\t\t\t\t\t\t\t<p>outras cores dispon\u00edveis mediante pedido<\/p>\t\t\t\t\t\t\t\t<\/div>\n\t\t\t\t<\/div>\n\t\t<div class=\"elementor-element elementor-element-4885cc1 e-con-full e-flex e-con e-child\" data-id=\"4885cc1\" data-element_type=\"container\" data-e-type=\"container\" data-settings=\"{&quot;background_background&quot;:&quot;gradient&quot;}\">\n\t\t\t\t<div class=\"elementor-element elementor-element-50fe257 elementor-widget__width-initial elementor-widget elementor-widget-heading\" data-id=\"50fe257\" data-element_type=\"widget\" data-e-type=\"widget\" data-widget_type=\"heading.default\">\n\t\t\t\t\t<h2 class=\"elementor-heading-title elementor-size-default\">LifeCube 2<\/h2>\t\t\t\t<\/div>\n\t\t\t\t<div class=\"elementor-element elementor-element-7cb4dad elementor-widget__width-auto elementor-widget-tablet__width-initial bullet-dot elementor-widget elementor-widget-text-editor\" data-id=\"7cb4dad\" data-element_type=\"widget\" data-e-type=\"widget\" data-widget_type=\"text-editor.default\">\n\t\t\t\t\t\t\t\t\t<p>dispon\u00edvel<\/p>\t\t\t\t\t\t\t\t<\/div>\n\t\t\t\t<div class=\"elementor-element elementor-element-c49b1ae elementor-widget__width-inherit elementor-widget elementor-widget-text-editor\" data-id=\"c49b1ae\" data-element_type=\"widget\" data-e-type=\"widget\" data-widget_type=\"text-editor.default\">\n\t\t\t\t\t\t\t\t\t<p>At\u00e9 -110\u00b0C &#8211; para desporto de alta competi\u00e7\u00e3o e melhor desempenho<\/p>\t\t\t\t\t\t\t\t<\/div>\n\t\t\t\t<div class=\"elementor-element elementor-element-cf06c30 elementor-widget__width-inherit elementor-widget elementor-widget-image\" data-id=\"cf06c30\" data-element_type=\"widget\" data-e-type=\"widget\" data-widget_type=\"image.default\">\n\t\t\t\t\t\t\t\t\t\t\t\t\t\t\t<img loading=\"lazy\" decoding=\"async\" width=\"1285\" height=\"1546\" src=\"https:\/\/life-cube-cryo.com\/wp-content\/uploads\/2026\/03\/LifeCube-2.png\" class=\"attachment-full size-full wp-image-2203\" alt=\"\" srcset=\"https:\/\/life-cube-cryo.com\/wp-content\/uploads\/2026\/03\/LifeCube-2.png 1285w, https:\/\/life-cube-cryo.com\/wp-content\/uploads\/2026\/03\/LifeCube-2-249x300.png 249w, https:\/\/life-cube-cryo.com\/wp-content\/uploads\/2026\/03\/LifeCube-2-851x1024.png 851w, https:\/\/life-cube-cryo.com\/wp-content\/uploads\/2026\/03\/LifeCube-2-768x924.png 768w, https:\/\/life-cube-cryo.com\/wp-content\/uploads\/2026\/03\/LifeCube-2-1277x1536.png 1277w\" sizes=\"(max-width: 1285px) 100vw, 1285px\" \/>\t\t\t\t\t\t\t\t\t\t\t\t\t\t\t<\/div>\n\t\t\t\t<div class=\"elementor-element elementor-element-10f865c elementor-widget__width-initial elementor-widget elementor-widget-image\" data-id=\"10f865c\" data-element_type=\"widget\" data-e-type=\"widget\" data-widget_type=\"image.default\">\n\t\t\t\t\t\t\t\t\t\t\t\t\t\t\t<img decoding=\"async\" width=\"318\" height=\"100\" src=\"https:\/\/life-cube-cryo.com\/wp-content\/uploads\/2026\/03\/Farben.svg\" class=\"attachment-full size-full wp-image-2201\" alt=\"\" \/>\t\t\t\t\t\t\t\t\t\t\t\t\t\t\t<\/div>\n\t\t\t\t<div class=\"elementor-element elementor-element-fdbbbc4 elementor-widget__width-initial elementor-widget elementor-widget-text-editor\" data-id=\"fdbbbc4\" data-element_type=\"widget\" data-e-type=\"widget\" data-widget_type=\"text-editor.default\">\n\t\t\t\t\t\t\t\t\t<p>outras cores dispon\u00edveis mediante pedido<\/p>\t\t\t\t\t\t\t\t<\/div>\n\t\t\t\t<\/div>\n\t\t\t\t\t<\/div>\n\t\t\t\t<\/div>\n\t\t<div class=\"elementor-element elementor-element-a9c302b e-flex e-con-boxed e-con e-parent\" data-id=\"a9c302b\" data-element_type=\"container\" data-e-type=\"container\" data-settings=\"{&quot;background_background&quot;:&quot;gradient&quot;}\">\n\t\t\t\t\t<div class=\"e-con-inner\">\n\t\t\t\t<div class=\"elementor-element elementor-element-e44006a e-n-tabs-none elementor-widget elementor-widget-n-tabs\" data-id=\"e44006a\" data-element_type=\"widget\" data-e-type=\"widget\" data-settings=\"{&quot;horizontal_scroll&quot;:&quot;disable&quot;}\" data-widget_type=\"nested-tabs.default\">\n\t\t\t\t\t\t\t<div class=\"e-n-tabs\" data-widget-number=\"239337578\" aria-label=\"Tabs. Open items with Enter or Space, close with Escape and navigate using the Arrow keys.\">\n\t\t\t<div class=\"e-n-tabs-heading\" role=\"tablist\">\n\t\t\t\t\t<button id=\"e-n-tab-title-2393375781\" data-tab-title-id=\"e-n-tab-title-2393375781\" class=\"e-n-tab-title\" aria-selected=\"true\" data-tab-index=\"1\" role=\"tab\" tabindex=\"0\" aria-controls=\"e-n-tab-content-2393375781\" style=\"--n-tabs-title-order: 1;\">\n\t\t\t\t\t\t<span class=\"e-n-tab-title-text\">\n\t\t\t\tLifeCube 1\t\t\t<\/span>\n\t\t<\/button>\n\t\t\t\t<button id=\"e-n-tab-title-2393375782\" data-tab-title-id=\"e-n-tab-title-2393375782\" class=\"e-n-tab-title\" aria-selected=\"false\" data-tab-index=\"2\" role=\"tab\" tabindex=\"-1\" aria-controls=\"e-n-tab-content-2393375782\" style=\"--n-tabs-title-order: 2;\">\n\t\t\t\t\t\t<span class=\"e-n-tab-title-text\">\n\t\t\t\tLifeCube 1+\t\t\t<\/span>\n\t\t<\/button>\n\t\t\t\t<button id=\"e-n-tab-title-2393375783\" data-tab-title-id=\"e-n-tab-title-2393375783\" class=\"e-n-tab-title\" aria-selected=\"false\" data-tab-index=\"3\" role=\"tab\" tabindex=\"-1\" aria-controls=\"e-n-tab-content-2393375783\" style=\"--n-tabs-title-order: 3;\">\n\t\t\t\t\t\t<span class=\"e-n-tab-title-text\">\n\t\t\t\tLifeCube 2\t\t\t<\/span>\n\t\t<\/button>\n\t\t\t\t\t<\/div>\n\t\t\t<div class=\"e-n-tabs-content\">\n\t\t\t\t<div id=\"e-n-tab-content-2393375781\" role=\"tabpanel\" aria-labelledby=\"e-n-tab-title-2393375781\" data-tab-index=\"1\" style=\"--n-tabs-title-order: 1;\" class=\"e-active elementor-element elementor-element-9573bbb e-con-full e-flex e-con e-child\" data-id=\"9573bbb\" data-element_type=\"container\" data-e-type=\"container\">\n\t\t\t\t<div class=\"elementor-element elementor-element-73250c2 elementor-widget elementor-widget-image\" data-id=\"73250c2\" data-element_type=\"widget\" data-e-type=\"widget\" data-widget_type=\"image.default\">\n\t\t\t\t\t\t\t\t\t\t\t\t\t\t\t<img loading=\"lazy\" decoding=\"async\" width=\"2154\" height=\"1409\" src=\"https:\/\/life-cube-cryo.com\/wp-content\/uploads\/2025\/10\/LC1.png\" class=\"attachment-full size-full wp-image-1101\" alt=\"\" srcset=\"https:\/\/life-cube-cryo.com\/wp-content\/uploads\/2025\/10\/LC1.png 2154w, https:\/\/life-cube-cryo.com\/wp-content\/uploads\/2025\/10\/LC1-300x196.png 300w, https:\/\/life-cube-cryo.com\/wp-content\/uploads\/2025\/10\/LC1-1024x670.png 1024w, https:\/\/life-cube-cryo.com\/wp-content\/uploads\/2025\/10\/LC1-768x502.png 768w, https:\/\/life-cube-cryo.com\/wp-content\/uploads\/2025\/10\/LC1-1536x1005.png 1536w, https:\/\/life-cube-cryo.com\/wp-content\/uploads\/2025\/10\/LC1-2048x1340.png 2048w\" sizes=\"(max-width: 2154px) 100vw, 2154px\" \/>\t\t\t\t\t\t\t\t\t\t\t\t\t\t\t<\/div>\n\t\t\t\t<\/div>\n\t\t<div id=\"e-n-tab-content-2393375782\" role=\"tabpanel\" aria-labelledby=\"e-n-tab-title-2393375782\" data-tab-index=\"2\" style=\"--n-tabs-title-order: 2;\" class=\" elementor-element elementor-element-a02c57a e-con-full e-flex e-con e-child\" data-id=\"a02c57a\" data-element_type=\"container\" data-e-type=\"container\">\n\t\t\t\t<div class=\"elementor-element elementor-element-518fe66 elementor-widget elementor-widget-image\" data-id=\"518fe66\" data-element_type=\"widget\" data-e-type=\"widget\" data-widget_type=\"image.default\">\n\t\t\t\t\t\t\t\t\t\t\t\t\t\t\t<img loading=\"lazy\" decoding=\"async\" width=\"800\" height=\"554\" src=\"https:\/\/life-cube-cryo.com\/wp-content\/uploads\/2025\/10\/LC1-1-1024x709.png\" class=\"attachment-large size-large wp-image-1102\" alt=\"\" srcset=\"https:\/\/life-cube-cryo.com\/wp-content\/uploads\/2025\/10\/LC1-1-1024x709.png 1024w, https:\/\/life-cube-cryo.com\/wp-content\/uploads\/2025\/10\/LC1-1-300x208.png 300w, https:\/\/life-cube-cryo.com\/wp-content\/uploads\/2025\/10\/LC1-1-768x531.png 768w, https:\/\/life-cube-cryo.com\/wp-content\/uploads\/2025\/10\/LC1-1-1536x1063.png 1536w, https:\/\/life-cube-cryo.com\/wp-content\/uploads\/2025\/10\/LC1-1-2048x1417.png 2048w\" sizes=\"(max-width: 800px) 100vw, 800px\" \/>\t\t\t\t\t\t\t\t\t\t\t\t\t\t\t<\/div>\n\t\t\t\t<\/div>\n\t\t<div id=\"e-n-tab-content-2393375783\" role=\"tabpanel\" aria-labelledby=\"e-n-tab-title-2393375783\" data-tab-index=\"3\" style=\"--n-tabs-title-order: 3;\" class=\" elementor-element elementor-element-2ebed23 e-con-full e-flex e-con e-child\" data-id=\"2ebed23\" data-element_type=\"container\" data-e-type=\"container\">\n\t\t\t\t<div class=\"elementor-element elementor-element-39265cb elementor-widget elementor-widget-image\" data-id=\"39265cb\" data-element_type=\"widget\" data-e-type=\"widget\" data-widget_type=\"image.default\">\n\t\t\t\t\t\t\t\t\t\t\t\t\t\t\t<img loading=\"lazy\" decoding=\"async\" width=\"2117\" height=\"1465\" src=\"https:\/\/life-cube-cryo.com\/wp-content\/uploads\/2025\/10\/LC2.png\" class=\"attachment-full size-full wp-image-1103\" alt=\"\" srcset=\"https:\/\/life-cube-cryo.com\/wp-content\/uploads\/2025\/10\/LC2.png 2117w, https:\/\/life-cube-cryo.com\/wp-content\/uploads\/2025\/10\/LC2-300x208.png 300w, https:\/\/life-cube-cryo.com\/wp-content\/uploads\/2025\/10\/LC2-1024x709.png 1024w, https:\/\/life-cube-cryo.com\/wp-content\/uploads\/2025\/10\/LC2-768x531.png 768w, https:\/\/life-cube-cryo.com\/wp-content\/uploads\/2025\/10\/LC2-1536x1063.png 1536w, https:\/\/life-cube-cryo.com\/wp-content\/uploads\/2025\/10\/LC2-2048x1417.png 2048w\" sizes=\"(max-width: 2117px) 100vw, 2117px\" \/>\t\t\t\t\t\t\t\t\t\t\t\t\t\t\t<\/div>\n\t\t\t\t<\/div>\n\t\t\t\t\t<\/div>\n\t\t<\/div>\n\t\t\t\t\t\t<\/div>\n\t\t\t\t<div class=\"elementor-element elementor-element-ebe3dce elementor-hidden-desktop elementor-hidden-tablet elementor-hidden-mobile elementor-widget elementor-widget-html\" data-id=\"ebe3dce\" data-element_type=\"widget\" data-e-type=\"widget\" data-widget_type=\"html.default\">\n\t\t\t\t\t<!-- Produktvergleich: LIFECUBE \/ LIFECUBE 1 \/ LIFECUBE 1+  -->\n<table role=\"table\" width=\"100%\" cellpadding=\"0\" cellspacing=\"0\">\n  <thead>\n    <tr>\n      <th><\/th>\n      <th>\n        <img decoding=\"async\" src=\"https:\/\/life-cube-cryo.com\/wp-content\/uploads\/2025\/10\/LifeCube1-1.png\" alt=\"Imagem LIFECUBE\" style=\"max-width:60px;height:auto;\"><br> LIFECUBE LC1\n      <\/th>\n      <th>\n        <img decoding=\"async\" src=\"https:\/\/life-cube-cryo.com\/wp-content\/uploads\/2025\/10\/LifeCube1.png\" alt=\"Imagem LIFECUBE 1\" style=\"max-width:60px;height:auto;\"><br> LIFECUBE LC1+\n      <\/th>\n      <th>\n        <img decoding=\"async\" src=\"https:\/\/life-cube-cryo.com\/wp-content\/uploads\/2025\/10\/LifeCube2.png\" alt=\"Imagem LIFECUBE 1+\" style=\"max-width:60px;height:auto;\"><br> LIFECUBE LC2\n      <\/th>\n    <\/tr>\n  <\/thead>\n  <tbody>\n    <tr>\n      <td>Temperatura at\u00e9<\/td>\n      <td>at\u00e9 -80\u00b0C<br><span class=\"small\">temperatura sentida -110\u00b0C<\/span><\/td>\n      <td>at\u00e9 -10\u00b0C \/ -80\u00b0C <br><span class=\"small\">temperatura sentida -110\u00b0C<\/span><\/td>\n      <td>at\u00e9 -60\u00b0C \/ -110\u00b0C<br><span class=\"small\">temperatura sentida -150\u00b0C<\/span>-<\/td>\n    <\/tr>\n    <tr>\n      <td>Liga\u00e7\u00e3o el\u00e9trica<\/td>\n      <td>400 V, 32 A<\/td>\n      <td>400 V, 32 A<\/td>\n      <td>400 V, 32 A<\/td>\n    <\/tr>\n \n    <tr>\n      <td>Temperatura ambiente<\/td>\n      <td>m\u00e1x. 20\u00b0C<\/td>\n      <td>m\u00e1x. 20\u00b0C<\/td>\n      <td>m\u00e1x. 20\u00b0C<\/td>\n    <\/tr>\n    <tr>\n      <td>Dist\u00e2ncia cabine &lt;&gt; unidade<\/td>\n      <td>m\u00e1x. 5 m<\/td>\n      <td>m\u00e1x. 5 m<\/td>\n      <td>m\u00e1x. 5 m<\/td>\n    <\/tr>\n    <tr>\n      <td>Consumo de energia (c\/ unidade)<\/td>\n      <td>6 kW<\/td>\n      <td>6 kW<\/td>\n      <td>12 kW<\/td>\n    <\/tr>\n    <tr>\n      <td>Humidade relativa no espa\u00e7o <\/td>\n      <td>m\u00e1x. 30%<\/td>\n      <td>m\u00e1x. 30%<\/td>\n      <td>m\u00e1x. 30%<\/td>\n    <\/tr>\n    <tr>\n      <td>Calor residual<\/td>\n      <td>6,5 kW<\/td>\n      <td>6,5 kW<\/td>\n      <td>6,5 kW<\/td>\n    <\/tr>\n    <tr>\n      <td>Dimens\u00e3o A x L x P<\/td>\n      <td>220 x 110 x 110 cm<\/td>\n      <td>220 x 220 x 110 cm<\/td>\n      <td>220 x 220 x 110 cm<\/td>\n    <\/tr>\n  <\/tbody>\n<\/table>\n\t\t\t\t<\/div>\n\t\t\t\t<div class=\"elementor-element elementor-element-ae8f50b elementor-widget elementor-widget-html\" data-id=\"ae8f50b\" data-element_type=\"widget\" data-e-type=\"widget\" data-widget_type=\"html.default\">\n\t\t\t\t\t<div class=\"lifecube-table-glass-wrap\">\n  <!-- Produktvergleich: LIFECUBE \/ LIFECUBE 1 \/ LIFECUBE 1+ -->\n  <table role=\"table\" width=\"100%\" cellpadding=\"0\" cellspacing=\"0\">\n    <thead>\n      <tr>\n        <th><\/th>\n        <th>\n          <img decoding=\"async\" src=\"https:\/\/life-cube-cryo.com\/wp-content\/uploads\/2025\/10\/LifeCube1-1.png\" alt=\"Imagem LIFECUBE\"><br> LIFECUBE LC1\n        <\/th>\n        <th>\n          <img decoding=\"async\" src=\"https:\/\/life-cube-cryo.com\/wp-content\/uploads\/2025\/10\/LifeCube1.png\" alt=\"Imagem LIFECUBE 1\"><br> LIFECUBE LC1+\n        <\/th>\n        <th>\n          <img decoding=\"async\" src=\"https:\/\/life-cube-cryo.com\/wp-content\/uploads\/2025\/10\/LifeCube2.png\" alt=\"Imagem LIFECUBE 1+\"><br> LIFECUBE LC2\n        <\/th>\n      <\/tr>\n    <\/thead>\n    <tbody>\n      <tr>\n        <td>Temperatura at\u00e9<\/td>\n        <td>at\u00e9 -80\u00b0C<br><span class=\"small\">temperatura sentida -110\u00b0C<\/span><\/td>\n        <td>at\u00e9 -10\u00b0C \/ -80\u00b0C <br><span class=\"small\">temperatura sentida -110\u00b0C<\/span><\/td>\n        <td>at\u00e9 -60\u00b0C \/ -110\u00b0C<br><span class=\"small\">temperatura sentida -150\u00b0C<\/span><\/td>\n      <\/tr>\n      <tr>\n        <td>Liga\u00e7\u00e3o el\u00e9trica<\/td>\n        <td>400 V, 32 A<\/td>\n        <td>400 V, 32 A<\/td>\n        <td>400 V, 32 A<\/td>\n      <\/tr>\n      <tr>\n        <td>Temperatura ambiente<\/td>\n        <td>m\u00e1x. 20\u00b0C<\/td>\n        <td>m\u00e1x. 20\u00b0C<\/td>\n        <td>m\u00e1x. 20\u00b0C<\/td>\n      <\/tr>\n      <tr>\n        <td>Dist\u00e2ncia cabine &lt;&gt; unidade<\/td>\n        <td>m\u00e1x. 5 m<\/td>\n        <td>m\u00e1x. 5 m<\/td>\n        <td>m\u00e1x. 5 m<\/td>\n      <\/tr>\n      <tr>\n        <td>Consumo el\u00e9trico (c\/ agregado)<\/td>\n        <td>6 kW<\/td>\n        <td>6 kW<\/td>\n        <td>12 kW<\/td>\n      <\/tr>\n      <tr>\n        <td>Humidade relativa no espa\u00e7o <\/td>\n        <td>m\u00e1x. 30%<\/td>\n        <td>m\u00e1x. 30%<\/td>\n        <td>m\u00e1x. 30%<\/td>\n      <\/tr>\n      <tr>\n        <td>Calor residual<\/td>\n        <td>6,5 kW<\/td>\n        <td>6,5 kW<\/td>\n        <td>6,5 kW<\/td>\n      <\/tr>\n      <tr>\n        <td>Dimens\u00f5es AxLxP<\/td>\n        <td>220 x 110 x 110 cm<\/td>\n        <td>220 x 220 x 110 cm<\/td>\n        <td>220 x 220 x 110 cm<\/td>\n      <\/tr>\n    <\/tbody>\n  <\/table>\n<\/div>\t\t\t\t<\/div>\n\t\t\t\t\t<\/div>\n\t\t\t\t<\/div>\n\t\t<div class=\"elementor-element elementor-element-ba77780 e-flex e-con-boxed e-con e-parent\" data-id=\"ba77780\" data-element_type=\"container\" data-e-type=\"container\" data-settings=\"{&quot;background_background&quot;:&quot;classic&quot;}\">\n\t\t\t\t\t<div class=\"e-con-inner\">\n\t\t\t\t<div class=\"elementor-element elementor-element-fddfd61 elementor-widget__width-initial elementor-widget-tablet__width-inherit elementor-widget elementor-widget-heading\" data-id=\"fddfd61\" data-element_type=\"widget\" data-e-type=\"widget\" data-widget_type=\"heading.default\">\n\t\t\t\t\t<h2 class=\"elementor-heading-title elementor-size-default\">O seu LifeCube individual<\/h2>\t\t\t\t<\/div>\n\t\t\t\t<div class=\"elementor-element elementor-element-9e02dff elementor-widget__width-initial elementor-widget-tablet__width-inherit elementor-widget elementor-widget-text-editor\" data-id=\"9e02dff\" data-element_type=\"widget\" data-e-type=\"widget\" data-widget_type=\"text-editor.default\">\n\t\t\t\t\t\t\t\t\t<p>Opte por um dos nossos modelos standard ou por uma das nossas <strong>c\u00e2maras de crioterapia personalizadas<\/strong>. Adaptamo-nos sempre individualmente a cada cliente, para que, no final, obtenha a c\u00e2mara que deseja. Afinal, cada LifeCube pode ser adaptado aos seus desejos, tanto em termos de <strong>cor<\/strong> como de <strong>espa\u00e7o<\/strong>. Isto garante uma experi\u00eancia de frio \u00fanica no seu est\u00fadio.   <\/p>\t\t\t\t\t\t\t\t<\/div>\n\t\t\t\t<div class=\"elementor-element elementor-element-bdb5805 elementor-mobile-align-justify elementor-widget__width-initial elementor-widget-mobile__width-inherit elementor-align-left elementor-widget-tablet__width-inherit elementor-widget elementor-widget-button\" data-id=\"bdb5805\" data-element_type=\"widget\" data-e-type=\"widget\" data-widget_type=\"button.default\">\n\t\t\t\t\t\t\t\t\t\t<a class=\"elementor-button elementor-button-link elementor-size-sm\" href=\"https:\/\/life-cube-cryo.com\/pt-pt\/contacto\/\">\n\t\t\t\t\t\t<span class=\"elementor-button-content-wrapper\">\n\t\t\t\t\t\t\t\t\t<span class=\"elementor-button-text\">Obter proposta<\/span>\n\t\t\t\t\t<\/span>\n\t\t\t\t\t<\/a>\n\t\t\t\t\t\t\t\t<\/div>\n\t\t\t\t\t<\/div>\n\t\t\t\t<\/div>\n\t\t\t\t<\/div>\n\t\t","protected":false},"excerpt":{"rendered":"<p>Descubra a fam\u00edlia LifeCube A sua c\u00e2mara de crioterapia pessoal e individualizada &#8211; Perfeitamente adaptada a si LifeCube 1 dispon\u00edvel At\u00e9 -80\u00b0C &#8211; A solu\u00e7\u00e3o perfeita para instala\u00e7\u00f5es de menor dimens\u00e3o outras cores dispon\u00edveis mediante pedido LifeCube 1+ dispon\u00edvel Antec\u00e2mara at\u00e9 -30\u00b0 e c\u00e2mara principal at\u00e9 -80\u00b0C outras cores dispon\u00edveis mediante pedido LifeCube 2 dispon\u00edvel [&hellip;]<\/p>\n","protected":false},"author":1,"featured_media":0,"parent":0,"menu_order":0,"comment_status":"closed","ping_status":"closed","template":"","meta":{"content-type":"","footnotes":""},"class_list":["post-1089","page","type-page","status-publish","hentry"],"_links":{"self":[{"href":"https:\/\/life-cube-cryo.com\/pt-pt\/wp-json\/wp\/v2\/pages\/1089","targetHints":{"allow":["GET"]}}],"collection":[{"href":"https:\/\/life-cube-cryo.com\/pt-pt\/wp-json\/wp\/v2\/pages"}],"about":[{"href":"https:\/\/life-cube-cryo.com\/pt-pt\/wp-json\/wp\/v2\/types\/page"}],"author":[{"embeddable":true,"href":"https:\/\/life-cube-cryo.com\/pt-pt\/wp-json\/wp\/v2\/users\/1"}],"replies":[{"embeddable":true,"href":"https:\/\/life-cube-cryo.com\/pt-pt\/wp-json\/wp\/v2\/comments?post=1089"}],"version-history":[{"count":2,"href":"https:\/\/life-cube-cryo.com\/pt-pt\/wp-json\/wp\/v2\/pages\/1089\/revisions"}],"predecessor-version":[{"id":2204,"href":"https:\/\/life-cube-cryo.com\/pt-pt\/wp-json\/wp\/v2\/pages\/1089\/revisions\/2204"}],"wp:attachment":[{"href":"https:\/\/life-cube-cryo.com\/pt-pt\/wp-json\/wp\/v2\/media?parent=1089"}],"curies":[{"name":"wp","href":"https:\/\/api.w.org\/{rel}","templated":true}]}}